{"id":18400,"date":"2023-08-09T03:33:31","date_gmt":"2023-08-09T00:33:31","guid":{"rendered":"https:\/\/lisimed.ro\/?page_id=18400"},"modified":"2023-08-09T03:33:31","modified_gmt":"2023-08-09T00:33:31","slug":"ghidul-pacientului-internat","status":"publish","type":"page","link":"https:\/\/lisimed.ro\/en\/the-inpatient-guide\/","title":{"rendered":"The inpatient guide"},"content":{"rendered":"<div id=\"cmsmasters_row_05f35b56fd\" class=\"cmsmasters_row cmsmasters_color_scheme_default cmsmasters_row_top_default cmsmasters_row_bot_default cmsmasters_row_boxed\">\n<div class=\"cmsmasters_row_outer_parent\">\n<div class=\"cmsmasters_row_outer\">\n<div class=\"cmsmasters_row_inner\">\n<div class=\"cmsmasters_row_margin\">\n<div id=\"cmsmasters_column_d70a0e2b7a\" class=\"cmsmasters_column one_first\">\n<div class=\"cmsmasters_column_inner\"><div id=\"cmsmasters_heading_w3cmyv6vb\" class=\"cmsmasters_heading_wrap cmsmasters_heading_align_left\">\n\t<h4 class=\"cmsmasters_heading\">In accordance with Law no. 46 \u2013 2003, regarding patient rights<\/h4>\n<\/div><div class=\"cmsmasters_text\">\n<ul>\n<li>The patient has the right to be informed about the available medical services, as well as how to use them.<\/li>\n<li>The patient has the right to be informed about the identity and professional status of health service providers<\/li>\n<li>The admitted patient has the right to be informed about the rules and customs that he must follow during his hospitalization.<\/li>\n<li>The patient has the right to be informed about his state of health, the proposed medical interventions, the potential risks of each procedure, the existing alternatives to the proposed procedures, including the non-treatment and non-compliance with medical recommendations, as well as information about the diagnosis and prognosis.<\/li>\n<li>The patient has the right to decide if he still wants to be informed if the information presented by the doctor would cause him suffering.<\/li>\n<li>The patient has the right to expressly ask not to be informed and to choose another person to be informed in his place.<\/li>\n<li>The patient has the right to request and obtain another medical opinion.<\/li>\n<li>The patient has the right to request and receive, upon discharge, a written summary of the investigations, diagnosis, treatment and care provided during hospitalization.<\/li>\n<li>The patient has the right to refuse or stop a medical intervention assuming, in writing, the responsibility for his decision; the consequences of refusing or stopping medical records must be explained to the patient.<\/li>\n<li>The patient&#039;s consent is mandatory for the collection, storage, use of all biological products taken from his body, in order to establish the diagnosis or the treatment with which he agrees.<\/li>\n<li>The patient&#039;s consent is mandatory in the case of his participation in clinical medical education and scientific research.<\/li>\n<li>The right to privacy<\/li>\n<li>The patient has access to personal medical data.<\/li>\n<li>The woman&#039;s right to life prevails if the pregnancy represents a major and immediate risk factor for the mother&#039;s life.<\/li>\n<li>The patient has the right to information, education and services necessary for the development of a normal sexual life and reproductive health, without any discrimination.<\/li>\n<li>The woman&#039;s right to decide whether or not to have children is guaranteed, with the exception of the case where the pregnancy represents a major and immediate risk factor for the mother&#039;s life.<\/li>\n<li>The patient, through health services, has the right to choose the safest methods regarding reproductive health.<\/li>\n<li>Every patient has the right to effective and risk-free family planning methods.<\/li>\n<li>The patient&#039;s rights to treatment and medical care<\/li>\n<li>If the providers are obliged to resort to the selection of patients for certain types of treatment that are available in limited numbers, the selection is made only on the basis of medical criteria. Emergency cases arising in extreme situations are exempted from the legal provisions.<\/li>\n<li>The patient has the right to terminal care in order to die in dignity.<\/li>\n<li>The patient can benefit from the support of family, friends, spiritual and material support and advice throughout the medical care. At the patient&#039;s request, as far as possible, the care and treatment environment will be created as close as possible to the family one.<\/li>\n<li>The admitted patient has the right to medical services provided by an accredited doctor outside the hospital.<\/li>\n<li>The patient can offer additional payments or donations to the employees or the unit where he was cared for, in compliance with the law.<\/li>\n<li>The patient has the right to continuous medical care until his health condition improves or until he is cured.<\/li>\n<li>The patient has the right to benefit from emergency medical assistance, emergency dental assistance and pharmaceutical services, in a continuous program.<\/li>\n<\/ul>\n<\/div>\n<\/div><\/div>\n<\/div>\n<\/div>\n<\/div>\n<\/div>\n<\/div>\n<div id=\"cmsmasters_row_64ba008150\" class=\"cmsmasters_row cmsmasters_color_scheme_default cmsmasters_row_top_default cmsmasters_row_bot_default cmsmasters_row_boxed\">\n<div class=\"cmsmasters_row_outer_parent\">\n<div class=\"cmsmasters_row_outer\">\n<div class=\"cmsmasters_row_inner\">\n<div class=\"cmsmasters_row_margin\">\n<div id=\"cmsmasters_column_142893fd0d\" class=\"cmsmasters_column one_first\">\n<div class=\"cmsmasters_column_inner\">\n<div id=\"cmsmasters_divider_b3481ca122\" class=\"cmsmasters_divider cmsmasters_divider_width_long cmsmasters_divider_pos_center\"><\/div>\n<div id=\"cmsmasters_heading_0ce35f52c8\" class=\"cmsmasters_heading_wrap cmsmasters_heading_align_left\">\n\t<h2 class=\"cmsmasters_heading\">Make an appointment<\/h2>\n<\/div>\n<div id=\"cmsmasters_divider_3c72nqav8\" class=\"cmsmasters_divider cmsmasters_divider_width_long cmsmasters_divider_pos_center\"><\/div>\n<div class=\"cmsmasters_contact_form\" data-animation=\"fadeIn\" data-delay=\"0\"><div role=\"form\" class=\"wpcf7\" id=\"wpcf7-f12468-o1\" lang=\"en-US\" dir=\"ltr\">\n<div class=\"screen-reader-response\"><p role=\"status\" aria-live=\"polite\" aria-atomic=\"true\"><\/p> <ul><\/ul><\/div>\n<form action=\"\/en\/wp-json\/wp\/v2\/pages\/18400#wpcf7-f12468-o1\" method=\"post\" class=\"wpcf7-form init\" novalidate=\"novalidate\" data-status=\"init\" data-trp-original-action=\"\/en\/wp-json\/wp\/v2\/pages\/18400#wpcf7-f12468-o1\">\n<div style=\"display: none;\">\n<input type=\"hidden\" name=\"_wpcf7\" value=\"12468\" \/>\n<input type=\"hidden\" name=\"_wpcf7_version\" value=\"5.5.6\" \/>\n<input type=\"hidden\" name=\"_wpcf7_locale\" value=\"en_US\" \/>\n<input type=\"hidden\" name=\"_wpcf7_unit_tag\" value=\"wpcf7-f12468-o1\" \/>\n<input type=\"hidden\" name=\"_wpcf7_container_post\" value=\"0\" \/>\n<input type=\"hidden\" name=\"_wpcf7_posted_data_hash\" value=\"\" \/>\n<input type=\"hidden\" name=\"_wpcf7_recaptcha_response\" value=\"\" \/>\n<\/div>\n<div class=\"cmsmasters_row_margin cmsmasters_1212\">\n<div class=\"cmsmasters_column one_first\">\n                <select name=\"medic\" id=\"medic\" class=\"wpcf7-form-control wpcf7-select\" onchange=\"document.getElementById('medic').value=this.value;\"><option>Select the doctor<\/option><optgroup label=\"Alergologie\"><option value=\"Carstoiu Alexandra\">Alexandra Carstoiu <\/option><\/optgroup><optgroup label=\"Anestezie si Terapie Intensiva\"><option value=\"Ciolca Roxana\">Roxana Ciolca <\/option><\/optgroup><optgroup label=\"Baz\u0103 recuperare \u0219i fizioterapie\"><option value=\"Hoara Madalina\">Hoara Madalina <\/option><option value=\"Stefan Elena\">Stefan Elena <\/option><option value=\"Iovu Ecaterina\">Iovu Ecaterina <\/option><\/optgroup><optgroup label=\"Cardiologie\"><option value=\"Preda Gabriel\">Preda Gabriel <\/option><option value=\"Mihailovici Maria\">Maria Mihailovici <\/option><option value=\"Vinturis Emilia\">Venturis Emilia <\/option><option value=\"\u0218erban Ion\">\u015eerban Ion <\/option><\/optgroup><optgroup label=\"Chirurgie general\u0103\"><option value=\"Dudu Catalin\">Dudu Catalin <\/option><option value=\"Chiriac Gabriel\">Chiriac Gabriel <\/option><option value=\"Diaconescu Nicolae\">Nicolae Deaconescu <\/option><\/optgroup><optgroup label=\"Chirurgie infantil\u0103\"><option value=\"Nicolae Viorel\">Nicolae Viorel <\/option><\/optgroup><optgroup label=\"Chirurgie vascular\u0103\"><option value=\"Moraru Andreea\">Moraru Andreea <\/option><\/optgroup><optgroup label=\"Dermatologie\"><option value=\"Simionescu Livia\">Livia Simionescu <\/option><option value=\"Marculescu Florentina\">Marculescu Florentina <\/option><option value=\"Taslica Rodica\">Taslica Rodica <\/option><\/optgroup><optgroup label=\"Diabet, nutri\u021bie, boli metabolice\"><option value=\"Patru Delia\">Four Delias <\/option><\/optgroup><optgroup label=\"Endocrinologie\"><option value=\"Smarandache Romeo\">Smarandache Romeo <\/option><option value=\"Khalid Alexandra\">Khalid Alexandra <\/option><option value=\"Trita Claudia\">Trita Claudia <\/option><\/optgroup><optgroup label=\"Farmacie \u0219i dispozitive medicale\"><option value=\"Simionescu Daniela\">Daniela Simionescu <\/option><\/optgroup><optgroup label=\"Gastroenterologie\"><option value=\"Vaduva Mihaela\">Widow Mihaela <\/option><option value=\"Gavrila Silviu\">Gavrila Silviu <\/option><\/optgroup><optgroup label=\"Hematologie\"><option value=\"Coanda Irinel\">Coanda Irinel <\/option><\/optgroup><optgroup label=\"Laborator analize medicale\"><option value=\"R\u0103doi Ana-Maria\">Radoi Ana-Maria <\/option><\/optgroup><optgroup label=\"Laborator Radiologie si Imagistica Medicala\"><option value=\"Ciobanu Cristian\">Ciobanu Cristian <\/option><option value=\"Paunescu Mihaela\">Mihaela Paunescu <\/option><option value=\"Ciulinca Andreea\">Ciulinca Andreea <\/option><option value=\"Stegaru Angelo\">Flag Angelo <\/option><option value=\"Dumitrescu Dorin\">Dorin Dumitrescu <\/option><\/optgroup><optgroup label=\"Medicin\u0103 general\u0103\"><option value=\"Tolo\u0219 Doini\u021ba\">Tolos Doinita <\/option><\/optgroup><optgroup label=\"Medicin\u0103 Intern\u0103\"><option value=\"Deliu Ionela-Cristina\">Deliu Ionela-Cristina <\/option><option value=\"Oprea Camelia\">Oprea Camelia <\/option><option value=\"Bucur Antoaneta\">Bucur Antoaneta <\/option><option value=\"Prundeanu Dan\">Prundeanu Dan <\/option><option value=\"Simionescu Aurelian\">Aurelian Simionescu <\/option><\/optgroup><optgroup label=\"Medicina muncii\"><option value=\"Stoica Floricica\">Stoica Floricica <\/option><\/optgroup><optgroup label=\"Nefrologie\"><option value=\"Simionescu Tudor\">Simionescu Tudor <\/option><option value=\"Mih\u0103ilescu Ileana\">Ileana Mih\u0103ilescu <\/option><option value=\"Simionescu Aurelian\">Aurelian Simionescu <\/option><\/optgroup><optgroup label=\"Neurologie\"><option value=\"Marcu Mihaela\">Mark Mihaela <\/option><option value=\"Popescu Cristian\">Cristian Popescu <\/option><option value=\"Arsenie Cristina\">Arsenie Cristina <\/option><option value=\"Delureanu Mihaela\">Mihaela Delureanu <\/option><\/optgroup><optgroup label=\"Obstetric\u0103 \u0219i Ginecologie\"><option value=\"Nedelea Stefan\">Nedelea Stefan <\/option><option value=\"M\u0103n\u0103il\u0103 Ioan\">Manaila Ioan <\/option><option value=\"Jumuga Cristian\">Jumuga Cristian <\/option><\/optgroup><optgroup label=\"Oftalmologie\"><option value=\"C\u0103linescu Mihai\">C\u0103linescu Mihai <\/option><\/optgroup><optgroup label=\"ORL\"><option value=\"Deyab Rayed\">Dayab Rayed <\/option><option value=\"Gavrila Sergiu\">Gavrila Sergiu <\/option><option value=\"Guta Manuela\">Guta Manuela <\/option><option value=\"Berte\u0219teanu \u0218erban\">Berte\u0219teanu \u015eerban <\/option><option value=\"Br\u0103toi Eufrosina\">Br\u0103toi Eufrosina <\/option><\/optgroup><optgroup label=\"Ortopedie\"><option value=\"Almasarwah Ra\u2019fat\">Almasarwah Ra&#039;fat <\/option><option value=\"Teodor Linca\">Teodor Linca <\/option><option value=\"Oprea Andrei\">Oprea Andrei <\/option><\/optgroup><optgroup label=\"Ortopedie infantil\u0103\"><option value=\"Dorobantu Ionut Gabriel\">Dorobantu Ionut Gabriel <\/option><\/optgroup><optgroup label=\"Pediatrie\"><option value=\"Pacioianu Adriana\">Pacioianu Adriana <\/option><option value=\"Ene Lavinia\">Ene Lavinia <\/option><\/optgroup><optgroup label=\"Protctologie\"><option value=\"Dudu Catalin\">Dudu Catalin <\/option><\/optgroup><optgroup label=\"Psihiatrie\"><option value=\"Tufeanu Mihaela\">Mihaela Tufeanu <\/option><option value=\"Br\u0103toi Ion\">Bratoi Ion <\/option><\/optgroup><optgroup label=\"Reumatologie\"><option value=\"Deliu Cristina\">Deliu Cristina <\/option><option value=\"Cepareanu Monica\">Cepareanu Monica <\/option><option value=\"Craciun Marian\">Craciun Marian <\/option><\/optgroup><optgroup label=\"Urologie\"><option value=\"Olteanu Alexandru\">Alexander Olteanu <\/option><option value=\"Cazangiu Razvan\">Razvan Boilermaker <\/option><option value=\"Georgescu Bogdan\">Georgescu Bogdan <\/option><\/optgroup><\/select>\n        <\/div>\n<p>        <br><\/p>\n<div class=\"cmsmasters_column one_half\">\n<p>\t\t<span class=\"wpcf7-form-control-wrap your-name\"><input type=\"text\" name=\"your-name\" value=\"\" size=\"40\" class=\"wpcf7-form-control wpcf7-text wpcf7-validates-as-required\" aria-required=\"true\" aria-invalid=\"false\" placeholder=\"Name\" \/><\/span><br><br \/>\n\t\t<span class=\"wpcf7-form-control-wrap your-email\"><input type=\"text\" name=\"your-email\" value=\"\" size=\"40\" class=\"wpcf7-form-control wpcf7-text wpcf7-validates-as-required\" aria-required=\"true\" aria-invalid=\"false\" placeholder=\"E-mail\" \/><\/span><br>\n\t<\/div>\n<div class=\"cmsmasters_column one_half\">\n\t\t<span class=\"wpcf7-form-control-wrap phone\"><input type=\"tel\" name=\"phone\" value=\"\" size=\"40\" class=\"wpcf7-form-control wpcf7-text wpcf7-tel wpcf7-validates-as-required wpcf7-validates-as-tel\" aria-required=\"true\" aria-invalid=\"false\" placeholder=\"Phone\" \/><\/span><br><br \/>\n\t\t<span class=\"wpcf7-form-control-wrap date\"><input type=\"text\" name=\"date\" value=\"\" size=\"40\" class=\"wpcf7-form-control wpcf7-text wpcf7-validates-as-required form-date\" aria-required=\"true\" aria-invalid=\"false\" placeholder=\"DD.MM.YYYY\" \/><\/span><br><\/p>\n<\/div>\n<\/div>\n<p><br\/><\/p>\n<div class=\"cmsmasters_row_margin cmsmasters_11\">\n<div class=\"cmsmasters_column one_first\">\n             <span class=\"wpcf7-form-control-wrap acceptance-880\"><span class=\"wpcf7-form-control wpcf7-acceptance\"><span class=\"wpcf7-list-item\"><label><input type=\"checkbox\" name=\"acceptance-880\" value=\"1\" aria-invalid=\"false\" \/><span class=\"wpcf7-list-item-label\">I have read and agree to the privacy policy.<\/span><\/label><\/span><\/span><\/span>\n        <\/div>\n<div class=\"cmsmasters_column one_first\">\n             <span class=\"wpcf7-form-control-wrap acceptance-881\"><span class=\"wpcf7-form-control wpcf7-acceptance\"><span class=\"wpcf7-list-item\"><label><input type=\"checkbox\" name=\"acceptance-881\" value=\"1\" aria-invalid=\"false\" \/><span class=\"wpcf7-list-item-label\">I agree to be contacted by phone and email.<\/span><\/label><\/span><\/span><\/span>\n        <\/div>\n<div class=\"cmsmasters_column one_first\">\n             <span class=\"wpcf7-form-control-wrap acceptance-882\"><span class=\"wpcf7-form-control wpcf7-acceptance\"><span class=\"wpcf7-list-item\"><label><input type=\"checkbox\" name=\"acceptance-882\" value=\"1\" aria-invalid=\"false\" \/><span class=\"wpcf7-list-item-label\">I declare that the data entered is real and I can prove it.<\/span><\/label><\/span><\/span><\/span>\n        <\/div>\n<\/div>\n<p><br\/><\/p>\n<div class=\"cmsmasters_row_margin cmsmasters_11\">\n<div class=\"cmsmasters_column one_first\">\n\t\t<input type=\"submit\" value=\"Make an appointment\" class=\"wpcf7-form-control has-spinner wpcf7-submit\" \/>\n\t<\/div>\n<\/div>\n<style>\n.cmsmasters_row_margin span.wpcf7-list-item-label {\n    color: #fff;\n}\n<\/style>\n<div class=\"wpcf7-response-output\" aria-hidden=\"true\"><\/div><input type=\"hidden\" name=\"trp-form-language\" value=\"en\"\/><\/form><\/div><\/div>\n<\/div><\/div>\n<\/div>\n<\/div>\n<\/div>\n<\/div>\n<\/div>","protected":false},"excerpt":{"rendered":"","protected":false},"author":1,"featured_media":13847,"parent":0,"menu_order":1,"comment_status":"closed","ping_status":"closed","template":"","meta":[],"yoast_head":"<!-- This site is optimized with the Yoast SEO plugin v18.2 - https:\/\/yoast.com\/wordpress\/plugins\/seo\/ -->\n<title>Ghidul pacientului internat - Lisimed<\/title>\n<meta name=\"description\" content=\"Centrul de Reabilitare Medical\u0103 Lisimed ofer\u0103 servicii de fizioterapie, termoterapie, kinetoterapie \u0219i masaj. V\u0103 pute\u021bi progama online, dar \u0219i prin telefon.\" \/>\n<meta name=\"robots\" content=\"index, follow, max-snippet:-1, max-image-preview:large, max-video-preview:-1\" \/>\n<link rel=\"canonical\" href=\"https:\/\/lisimed.ro\/en\/the-inpatient-guide\/\" \/>\n<meta property=\"og:locale\" content=\"en_GB\" \/>\n<meta property=\"og:type\" content=\"article\" \/>\n<meta property=\"og:title\" content=\"Ghidul pacientului internat - Lisimed\" \/>\n<meta property=\"og:description\" content=\"Centrul de Reabilitare Medical\u0103 Lisimed ofer\u0103 servicii de fizioterapie, termoterapie, kinetoterapie \u0219i masaj. V\u0103 pute\u021bi progama online, dar \u0219i prin telefon.\" \/>\n<meta property=\"og:url\" content=\"https:\/\/lisimed.ro\/en\/the-inpatient-guide\/\" \/>\n<meta property=\"og:site_name\" content=\"Lisimed\" \/>\n<meta property=\"og:image\" content=\"https:\/\/lisimed.ro\/wp-content\/uploads\/2019\/11\/stephen-dawson-qwtCeJ5cLYs-unsplash-scaled.jpg\" \/>\n\t<meta property=\"og:image:width\" content=\"2560\" \/>\n\t<meta property=\"og:image:height\" content=\"1842\" \/>\n\t<meta property=\"og:image:type\" content=\"image\/jpeg\" \/>\n<meta name=\"twitter:card\" content=\"summary_large_image\" \/>\n<meta name=\"twitter:label1\" content=\"Est. reading time\" \/>\n\t<meta name=\"twitter:data1\" content=\"2 minutes\" \/>\n<script type=\"application\/ld+json\" class=\"yoast-schema-graph\">{\"@context\":\"https:\/\/schema.org\",\"@graph\":[{\"@type\":\"WebSite\",\"@id\":\"https:\/\/lisimed.ro\/#website\",\"url\":\"https:\/\/lisimed.ro\/\",\"name\":\"Lisimed\",\"description\":\"Policlinica familiei tale\",\"potentialAction\":[{\"@type\":\"SearchAction\",\"target\":{\"@type\":\"EntryPoint\",\"urlTemplate\":\"https:\/\/lisimed.ro\/?s={search_term_string}\"},\"query-input\":\"required name=search_term_string\"}],\"inLanguage\":\"en-GB\"},{\"@type\":\"ImageObject\",\"@id\":\"https:\/\/lisimed.ro\/ghidul-pacientului-internat\/#primaryimage\",\"inLanguage\":\"en-GB\",\"url\":\"https:\/\/lisimed.ro\/wp-content\/uploads\/2019\/11\/stephen-dawson-qwtCeJ5cLYs-unsplash-scaled.jpg\",\"contentUrl\":\"https:\/\/lisimed.ro\/wp-content\/uploads\/2019\/11\/stephen-dawson-qwtCeJ5cLYs-unsplash-scaled.jpg\",\"width\":2560,\"height\":1842},{\"@type\":\"WebPage\",\"@id\":\"https:\/\/lisimed.ro\/ghidul-pacientului-internat\/#webpage\",\"url\":\"https:\/\/lisimed.ro\/ghidul-pacientului-internat\/\",\"name\":\"Ghidul pacientului internat - Lisimed\",\"isPartOf\":{\"@id\":\"https:\/\/lisimed.ro\/#website\"},\"primaryImageOfPage\":{\"@id\":\"https:\/\/lisimed.ro\/ghidul-pacientului-internat\/#primaryimage\"},\"datePublished\":\"2023-08-09T00:33:31+00:00\",\"dateModified\":\"2023-08-09T00:33:31+00:00\",\"description\":\"Centrul de Reabilitare Medical\u0103 Lisimed ofer\u0103 servicii de fizioterapie, termoterapie, kinetoterapie \u0219i masaj. V\u0103 pute\u021bi progama online, dar \u0219i prin telefon.\",\"breadcrumb\":{\"@id\":\"https:\/\/lisimed.ro\/ghidul-pacientului-internat\/#breadcrumb\"},\"inLanguage\":\"en-GB\",\"potentialAction\":[{\"@type\":\"ReadAction\",\"target\":[\"https:\/\/lisimed.ro\/ghidul-pacientului-internat\/\"]}]},{\"@type\":\"BreadcrumbList\",\"@id\":\"https:\/\/lisimed.ro\/ghidul-pacientului-internat\/#breadcrumb\",\"itemListElement\":[{\"@type\":\"ListItem\",\"position\":1,\"name\":\"Home\",\"item\":\"https:\/\/lisimed.ro\/\"},{\"@type\":\"ListItem\",\"position\":2,\"name\":\"Ghidul pacientului internat\"}]}]}<\/script>\n<!-- \/ Yoast SEO plugin. -->","yoast_head_json":{"title":"Ghidul pacientului internat - Lisimed","description":"Centrul de Reabilitare Medical\u0103 Lisimed ofer\u0103 servicii de fizioterapie, termoterapie, kinetoterapie \u0219i masaj. V\u0103 pute\u021bi progama online, dar \u0219i prin telefon.","robots":{"index":"index","follow":"follow","max-snippet":"max-snippet:-1","max-image-preview":"max-image-preview:large","max-video-preview":"max-video-preview:-1"},"canonical":"https:\/\/lisimed.ro\/en\/the-inpatient-guide\/","og_locale":"en_GB","og_type":"article","og_title":"Ghidul pacientului internat - Lisimed","og_description":"Centrul de Reabilitare Medical\u0103 Lisimed ofer\u0103 servicii de fizioterapie, termoterapie, kinetoterapie \u0219i masaj. V\u0103 pute\u021bi progama online, dar \u0219i prin telefon.","og_url":"https:\/\/lisimed.ro\/en\/the-inpatient-guide\/","og_site_name":"Lisimed","og_image":[{"width":2560,"height":1842,"url":"https:\/\/lisimed.ro\/wp-content\/uploads\/2019\/11\/stephen-dawson-qwtCeJ5cLYs-unsplash-scaled.jpg","type":"image\/jpeg"}],"twitter_card":"summary_large_image","twitter_misc":{"Est. reading time":"2 minutes"},"schema":{"@context":"https:\/\/schema.org","@graph":[{"@type":"WebSite","@id":"https:\/\/lisimed.ro\/#website","url":"https:\/\/lisimed.ro\/","name":"Lisimed","description":"Policlinica familiei tale","potentialAction":[{"@type":"SearchAction","target":{"@type":"EntryPoint","urlTemplate":"https:\/\/lisimed.ro\/?s={search_term_string}"},"query-input":"required name=search_term_string"}],"inLanguage":"en-GB"},{"@type":"ImageObject","@id":"https:\/\/lisimed.ro\/ghidul-pacientului-internat\/#primaryimage","inLanguage":"en-GB","url":"https:\/\/lisimed.ro\/wp-content\/uploads\/2019\/11\/stephen-dawson-qwtCeJ5cLYs-unsplash-scaled.jpg","contentUrl":"https:\/\/lisimed.ro\/wp-content\/uploads\/2019\/11\/stephen-dawson-qwtCeJ5cLYs-unsplash-scaled.jpg","width":2560,"height":1842},{"@type":"WebPage","@id":"https:\/\/lisimed.ro\/ghidul-pacientului-internat\/#webpage","url":"https:\/\/lisimed.ro\/ghidul-pacientului-internat\/","name":"Ghidul pacientului internat - Lisimed","isPartOf":{"@id":"https:\/\/lisimed.ro\/#website"},"primaryImageOfPage":{"@id":"https:\/\/lisimed.ro\/ghidul-pacientului-internat\/#primaryimage"},"datePublished":"2023-08-09T00:33:31+00:00","dateModified":"2023-08-09T00:33:31+00:00","description":"Centrul de Reabilitare Medical\u0103 Lisimed ofer\u0103 servicii de fizioterapie, termoterapie, kinetoterapie \u0219i masaj. V\u0103 pute\u021bi progama online, dar \u0219i prin telefon.","breadcrumb":{"@id":"https:\/\/lisimed.ro\/ghidul-pacientului-internat\/#breadcrumb"},"inLanguage":"en-GB","potentialAction":[{"@type":"ReadAction","target":["https:\/\/lisimed.ro\/ghidul-pacientului-internat\/"]}]},{"@type":"BreadcrumbList","@id":"https:\/\/lisimed.ro\/ghidul-pacientului-internat\/#breadcrumb","itemListElement":[{"@type":"ListItem","position":1,"name":"Home","item":"https:\/\/lisimed.ro\/"},{"@type":"ListItem","position":2,"name":"Ghidul pacientului internat"}]}]}},"_links":{"self":[{"href":"https:\/\/lisimed.ro\/en\/wp-json\/wp\/v2\/pages\/18400"}],"collection":[{"href":"https:\/\/lisimed.ro\/en\/wp-json\/wp\/v2\/pages"}],"about":[{"href":"https:\/\/lisimed.ro\/en\/wp-json\/wp\/v2\/types\/page"}],"author":[{"embeddable":true,"href":"https:\/\/lisimed.ro\/en\/wp-json\/wp\/v2\/users\/1"}],"replies":[{"embeddable":true,"href":"https:\/\/lisimed.ro\/en\/wp-json\/wp\/v2\/comments?post=18400"}],"version-history":[{"count":1,"href":"https:\/\/lisimed.ro\/en\/wp-json\/wp\/v2\/pages\/18400\/revisions"}],"predecessor-version":[{"id":18402,"href":"https:\/\/lisimed.ro\/en\/wp-json\/wp\/v2\/pages\/18400\/revisions\/18402"}],"wp:featuredmedia":[{"embeddable":true,"href":"https:\/\/lisimed.ro\/en\/wp-json\/wp\/v2\/media\/13847"}],"wp:attachment":[{"href":"https:\/\/lisimed.ro\/en\/wp-json\/wp\/v2\/media?parent=18400"}],"curies":[{"name":"wp","href":"https:\/\/api.w.org\/{rel}","templated":true}]}}