{"id":163,"date":"2015-04-15T14:16:46","date_gmt":"2015-04-15T14:16:46","guid":{"rendered":"http:\/\/welfare.cmsmasters.net\/?page_id=163"},"modified":"2023-10-12T07:24:00","modified_gmt":"2023-10-12T04:24:00","slug":"contact","status":"publish","type":"page","link":"https:\/\/lisimed.ro\/en\/contact\/","title":{"rendered":"Contact"},"content":{"rendered":"<div id=\"cmsmasters_row_o6qnkgkmjk\" class=\"cmsmasters_row cmsmasters_color_scheme_default cmsmasters_row_top_default cmsmasters_row_bot_default cmsmasters_row_boxed\">\n<div class=\"cmsmasters_row_outer_parent\">\n<div class=\"cmsmasters_row_outer\">\n<div class=\"cmsmasters_row_inner\">\n<div class=\"cmsmasters_row_margin\">\n<div id=\"cmsmasters_column_u5azelphr\" class=\"cmsmasters_column one_half contact-icons\">\n<div class=\"cmsmasters_column_inner\"><ul id=\"cmsmasters_icon_list_items_qq9ap0233j\" class=\"cmsmasters_icon_list_items cmsmasters_icon_list_type_block cmsmasters_icon_list_pos_left cmsmasters_color_type_border\"><li id=\"cmsmasters_icon_list_item_6ozd0druf8\" class=\"cmsmasters_icon_list_item\">\n<div class=\"cmsmasters_icon_list_item_inner\">\n<div class=\"cmsmasters_icon_list_icon_wrap\">\n<span class=\"cmsmasters_icon_list_icon cmsmasters-icon-mobile cc_pointer\"><\/span>\n<\/div>\n<div class=\"cmsmasters_icon_list_item_content\">\n<h4 class=\"cmsmasters_icon_list_item_title\">Phone<\/h4>\n<div class=\"cmsmasters_icon_list_item_text\">\n<p><a class=\"head-action\" href=\"tel: 04249402000\">+04 249 402 000<\/a><\/p>\n<\/div>\n<\/div>\n<\/div>\n<\/li><li id=\"cmsmasters_icon_list_item_3g5esc4qr4\" class=\"cmsmasters_icon_list_item\">\n<div class=\"cmsmasters_icon_list_item_inner\">\n<div class=\"cmsmasters_icon_list_icon_wrap\">\n<span class=\"cmsmasters_icon_list_icon cmsmasters-icon-mail\"><\/span>\n<\/div>\n<div class=\"cmsmasters_icon_list_item_content\">\n<h4 class=\"cmsmasters_icon_list_item_title\">E-mail<\/h4>\n<div class=\"cmsmasters_icon_list_item_text\">\n<p><a class=\"head-action\" href=\"mailto:office@lisimed.ro\" target=\"_blank\" rel=\"noopener noreferrer\">office@lisimed.ro<\/a><\/p>\n<\/div>\n<\/div>\n<\/div>\n<\/li><li id=\"cmsmasters_icon_list_item_hfypv16e4\" class=\"cmsmasters_icon_list_item\">\n<div class=\"cmsmasters_icon_list_item_inner\">\n<div class=\"cmsmasters_icon_list_icon_wrap\">\n<span class=\"cmsmasters_icon_list_icon cmsmasters-icon-location\"><\/span>\n<\/div>\n<div class=\"cmsmasters_icon_list_item_content\">\n<h4 class=\"cmsmasters_icon_list_item_title\">Address<\/h4>\n<div class=\"cmsmasters_icon_list_item_text\">\n<p>Str. Aleea Tineretului, no. 1D, Slatina, Olt county<\/p>\n<\/div>\n<\/div>\n<\/div>\n<\/li><\/ul>\n<\/div><\/div>\n<div id=\"cmsmasters_column_51eghm1vjk\" class=\"cmsmasters_column one_half\">\n<div class=\"cmsmasters_column_inner\"><div class=\"cmsmasters_img  cmsmasters_image_n\"><img src=\"https:\/\/lisimed.ro\/wp-content\/uploads\/2020\/08\/adresa-lisimed.png\" \/><\/div>\n<\/div><\/div>\n<\/div>\n<\/div>\n<\/div>\n<\/div>\n<\/div>\n<div id=\"cmsmasters_row_69lobdm62\" class=\"cmsmasters_row cmsmasters_color_scheme_default cmsmasters_row_top_default cmsmasters_row_bot_default cmsmasters_row_boxed\">\n<div class=\"cmsmasters_row_outer_parent\">\n<div class=\"cmsmasters_row_outer\">\n<div class=\"cmsmasters_row_inner\">\n<div class=\"cmsmasters_row_margin\">\n<div id=\"cmsmasters_column_vtpp109nlu\" class=\"cmsmasters_column one_first\">\n<div class=\"cmsmasters_column_inner\">\n<div id=\"cmsmasters_divider_0yfmnzmsif\" class=\"cmsmasters_divider cmsmasters_divider_width_long cmsmasters_divider_pos_center\"><\/div>\n<\/div><\/div>\n<\/div>\n<\/div>\n<\/div>\n<\/div>\n<\/div>\n<div id=\"cmsmasters_row_79b0de7a84\" class=\"cmsmasters_row cmsmasters_color_scheme_default cmsmasters_row_top_default cmsmasters_row_bot_default cmsmasters_row_boxed\">\n<div class=\"cmsmasters_row_outer_parent\">\n<div class=\"cmsmasters_row_outer\">\n<div class=\"cmsmasters_row_inner\">\n<div class=\"cmsmasters_row_margin\">\n<div id=\"cmsmasters_column_346420f0d2\" class=\"cmsmasters_column one_half form-contact\">\n<div class=\"cmsmasters_column_inner\"><div class=\"cmsmasters_text\">\n<div id=\"cmsmasters_heading_74905cdcb5\" class=\"cmsmasters_heading_wrap cmsmasters_heading_align_left\">\n\t<h3 class=\"cmsmasters_heading\"> Make an appointment<\/h3>\n<\/div><div class=\"cmsmasters_contact_form\"><div role=\"form\" class=\"wpcf7\" id=\"wpcf7-f12468-o1\" lang=\"en-US\" dir=\"ltr\">\n<div class=\"screen-reader-response\"><p role=\"status\" aria-live=\"polite\" aria-atomic=\"true\"><\/p> <ul><\/ul><\/div>\n<form action=\"\/en\/wp-json\/wp\/v2\/pages\/163#wpcf7-f12468-o1\" method=\"post\" class=\"wpcf7-form init\" novalidate=\"novalidate\" data-status=\"init\" data-trp-original-action=\"\/en\/wp-json\/wp\/v2\/pages\/163#wpcf7-f12468-o1\">\n<div style=\"display: none;\">\n<input type=\"hidden\" name=\"_wpcf7\" value=\"12468\" \/>\n<input type=\"hidden\" name=\"_wpcf7_version\" value=\"5.5.6\" \/>\n<input type=\"hidden\" name=\"_wpcf7_locale\" value=\"en_US\" \/>\n<input type=\"hidden\" name=\"_wpcf7_unit_tag\" value=\"wpcf7-f12468-o1\" \/>\n<input type=\"hidden\" name=\"_wpcf7_container_post\" value=\"0\" \/>\n<input type=\"hidden\" name=\"_wpcf7_posted_data_hash\" value=\"\" \/>\n<input type=\"hidden\" name=\"_wpcf7_recaptcha_response\" value=\"\" \/>\n<\/div>\n<div class=\"cmsmasters_row_margin cmsmasters_1212\">\n<div class=\"cmsmasters_column one_first\">\n                <select name=\"medic\" id=\"medic\" class=\"wpcf7-form-control wpcf7-select\" onchange=\"document.getElementById('medic').value=this.value;\"><option>Select the doctor<\/option><optgroup label=\"Alergologie\"><option value=\"Carstoiu Alexandra\">Alexandra Carstoiu <\/option><\/optgroup><optgroup label=\"Anestezie si Terapie Intensiva\"><option value=\"Ciolca Roxana\">Roxana Ciolca <\/option><\/optgroup><optgroup label=\"Baz\u0103 recuperare \u0219i fizioterapie\"><option value=\"Hoara Madalina\">Hoara Madalina <\/option><option value=\"Stefan Elena\">Stefan Elena <\/option><option value=\"Iovu Ecaterina\">Iovu Ecaterina <\/option><\/optgroup><optgroup label=\"Cardiologie\"><option value=\"Preda Gabriel\">Preda Gabriel <\/option><option value=\"Mihailovici Maria\">Maria Mihailovici <\/option><option value=\"Vinturis Emilia\">Venturis Emilia <\/option><option value=\"\u0218erban Ion\">\u015eerban Ion <\/option><\/optgroup><optgroup label=\"Chirurgie general\u0103\"><option value=\"Dudu Catalin\">Dudu Catalin <\/option><option value=\"Chiriac Gabriel\">Chiriac Gabriel <\/option><option value=\"Diaconescu Nicolae\">Nicolae Deaconescu <\/option><\/optgroup><optgroup label=\"Chirurgie infantil\u0103\"><option value=\"Nicolae Viorel\">Nicolae Viorel <\/option><\/optgroup><optgroup label=\"Chirurgie vascular\u0103\"><option value=\"Moraru Andreea\">Moraru Andreea <\/option><\/optgroup><optgroup label=\"Dermatologie\"><option value=\"Simionescu Livia\">Livia Simionescu <\/option><option value=\"Marculescu Florentina\">Marculescu Florentina <\/option><option value=\"Taslica Rodica\">Taslica Rodica <\/option><\/optgroup><optgroup label=\"Diabet, nutri\u021bie, boli metabolice\"><option value=\"Patru Delia\">Four Delias <\/option><\/optgroup><optgroup label=\"Endocrinologie\"><option value=\"Smarandache Romeo\">Smarandache Romeo <\/option><option value=\"Khalid Alexandra\">Khalid Alexandra <\/option><option value=\"Trita Claudia\">Trita Claudia <\/option><\/optgroup><optgroup label=\"Farmacie \u0219i dispozitive medicale\"><option value=\"Simionescu Daniela\">Daniela Simionescu <\/option><\/optgroup><optgroup label=\"Gastroenterologie\"><option value=\"Vaduva Mihaela\">Widow Mihaela <\/option><option value=\"Gavrila Silviu\">Gavrila Silviu <\/option><\/optgroup><optgroup label=\"Hematologie\"><option value=\"Coanda Irinel\">Coanda Irinel <\/option><\/optgroup><optgroup label=\"Laborator analize medicale\"><option value=\"R\u0103doi Ana-Maria\">Radoi Ana-Maria <\/option><\/optgroup><optgroup label=\"Laborator Radiologie si Imagistica Medicala\"><option value=\"Ciobanu Cristian\">Ciobanu Cristian <\/option><option value=\"Paunescu Mihaela\">Mihaela Paunescu <\/option><option value=\"Ciulinca Andreea\">Ciulinca Andreea <\/option><option value=\"Stegaru Angelo\">Flag Angelo <\/option><option value=\"Dumitrescu Dorin\">Dorin Dumitrescu <\/option><\/optgroup><optgroup label=\"Medicin\u0103 general\u0103\"><option value=\"Tolo\u0219 Doini\u021ba\">Tolos Doinita <\/option><\/optgroup><optgroup label=\"Medicin\u0103 Intern\u0103\"><option value=\"Deliu Ionela-Cristina\">Deliu Ionela-Cristina <\/option><option value=\"Oprea Camelia\">Oprea Camelia <\/option><option value=\"Bucur Antoaneta\">Bucur Antoaneta <\/option><option value=\"Prundeanu Dan\">Prundeanu Dan <\/option><option value=\"Simionescu Aurelian\">Aurelian Simionescu <\/option><\/optgroup><optgroup label=\"Medicina muncii\"><option value=\"Stoica Floricica\">Stoica Floricica <\/option><\/optgroup><optgroup label=\"Nefrologie\"><option value=\"Simionescu Tudor\">Simionescu Tudor <\/option><option value=\"Mih\u0103ilescu Ileana\">Ileana Mih\u0103ilescu <\/option><option value=\"Simionescu Aurelian\">Aurelian Simionescu <\/option><\/optgroup><optgroup label=\"Neurologie\"><option value=\"Marcu Mihaela\">Mark Mihaela <\/option><option value=\"Popescu Cristian\">Cristian Popescu <\/option><option value=\"Arsenie Cristina\">Arsenie Cristina <\/option><option value=\"Delureanu Mihaela\">Mihaela Delureanu <\/option><\/optgroup><optgroup label=\"Obstetric\u0103 \u0219i Ginecologie\"><option value=\"Nedelea Stefan\">Nedelea Stefan <\/option><option value=\"M\u0103n\u0103il\u0103 Ioan\">Manaila Ioan <\/option><option value=\"Jumuga Cristian\">Jumuga Cristian <\/option><\/optgroup><optgroup label=\"Oftalmologie\"><option value=\"C\u0103linescu Mihai\">C\u0103linescu Mihai <\/option><\/optgroup><optgroup label=\"ORL\"><option value=\"Deyab Rayed\">Dayab Rayed <\/option><option value=\"Gavrila Sergiu\">Gavrila Sergiu <\/option><option value=\"Guta Manuela\">Guta Manuela <\/option><option value=\"Berte\u0219teanu \u0218erban\">Berte\u0219teanu \u015eerban <\/option><option value=\"Br\u0103toi Eufrosina\">Br\u0103toi Eufrosina <\/option><\/optgroup><optgroup label=\"Ortopedie\"><option value=\"Almasarwah Ra\u2019fat\">Almasarwah Ra&#039;fat <\/option><option value=\"Teodor Linca\">Teodor Linca <\/option><option value=\"Oprea Andrei\">Oprea Andrei <\/option><\/optgroup><optgroup label=\"Ortopedie infantil\u0103\"><option value=\"Dorobantu Ionut Gabriel\">Dorobantu Ionut Gabriel <\/option><\/optgroup><optgroup label=\"Pediatrie\"><option value=\"Pacioianu Adriana\">Pacioianu Adriana <\/option><option value=\"Ene Lavinia\">Ene Lavinia <\/option><\/optgroup><optgroup label=\"Protctologie\"><option value=\"Dudu Catalin\">Dudu Catalin <\/option><\/optgroup><optgroup label=\"Psihiatrie\"><option value=\"Tufeanu Mihaela\">Mihaela Tufeanu <\/option><option value=\"Br\u0103toi Ion\">Bratoi Ion <\/option><\/optgroup><optgroup label=\"Reumatologie\"><option value=\"Deliu Cristina\">Deliu Cristina <\/option><option value=\"Cepareanu Monica\">Cepareanu Monica <\/option><option value=\"Craciun Marian\">Craciun Marian <\/option><\/optgroup><optgroup label=\"Urologie\"><option value=\"Olteanu Alexandru\">Alexander Olteanu <\/option><option value=\"Cazangiu Razvan\">Razvan Boilermaker <\/option><option value=\"Georgescu Bogdan\">Georgescu Bogdan <\/option><\/optgroup><\/select>\n        <\/div>\n<p>        <br><\/p>\n<div class=\"cmsmasters_column one_half\">\n<p>\t\t<span class=\"wpcf7-form-control-wrap your-name\"><input type=\"text\" name=\"your-name\" value=\"\" size=\"40\" class=\"wpcf7-form-control wpcf7-text wpcf7-validates-as-required\" aria-required=\"true\" aria-invalid=\"false\" placeholder=\"Name\" \/><\/span><br><br \/>\n\t\t<span class=\"wpcf7-form-control-wrap your-email\"><input type=\"text\" name=\"your-email\" value=\"\" size=\"40\" class=\"wpcf7-form-control wpcf7-text wpcf7-validates-as-required\" aria-required=\"true\" aria-invalid=\"false\" placeholder=\"E-mail\" \/><\/span><br>\n\t<\/div>\n<div class=\"cmsmasters_column one_half\">\n\t\t<span class=\"wpcf7-form-control-wrap phone\"><input type=\"tel\" name=\"phone\" value=\"\" size=\"40\" class=\"wpcf7-form-control wpcf7-text wpcf7-tel wpcf7-validates-as-required wpcf7-validates-as-tel\" aria-required=\"true\" aria-invalid=\"false\" placeholder=\"Phone\" \/><\/span><br><br \/>\n\t\t<span class=\"wpcf7-form-control-wrap date\"><input type=\"text\" name=\"date\" value=\"\" size=\"40\" class=\"wpcf7-form-control wpcf7-text wpcf7-validates-as-required form-date\" aria-required=\"true\" aria-invalid=\"false\" placeholder=\"DD.MM.YYYY\" \/><\/span><br><\/p>\n<\/div>\n<\/div>\n<p><br\/><\/p>\n<div class=\"cmsmasters_row_margin cmsmasters_11\">\n<div class=\"cmsmasters_column one_first\">\n             <span class=\"wpcf7-form-control-wrap acceptance-880\"><span class=\"wpcf7-form-control wpcf7-acceptance\"><span class=\"wpcf7-list-item\"><label><input type=\"checkbox\" name=\"acceptance-880\" value=\"1\" aria-invalid=\"false\" \/><span class=\"wpcf7-list-item-label\">I have read and agree to the privacy policy.<\/span><\/label><\/span><\/span><\/span>\n        <\/div>\n<div class=\"cmsmasters_column one_first\">\n             <span class=\"wpcf7-form-control-wrap acceptance-881\"><span class=\"wpcf7-form-control wpcf7-acceptance\"><span class=\"wpcf7-list-item\"><label><input type=\"checkbox\" name=\"acceptance-881\" value=\"1\" aria-invalid=\"false\" \/><span class=\"wpcf7-list-item-label\">I agree to be contacted by phone and email.<\/span><\/label><\/span><\/span><\/span>\n        <\/div>\n<div class=\"cmsmasters_column one_first\">\n             <span class=\"wpcf7-form-control-wrap acceptance-882\"><span class=\"wpcf7-form-control wpcf7-acceptance\"><span class=\"wpcf7-list-item\"><label><input type=\"checkbox\" name=\"acceptance-882\" value=\"1\" aria-invalid=\"false\" \/><span class=\"wpcf7-list-item-label\">I declare that the data entered is real and I can prove it.<\/span><\/label><\/span><\/span><\/span>\n        <\/div>\n<\/div>\n<p><br\/><\/p>\n<div class=\"cmsmasters_row_margin cmsmasters_11\">\n<div class=\"cmsmasters_column one_first\">\n\t\t<input type=\"submit\" value=\"Make an appointment\" class=\"wpcf7-form-control has-spinner wpcf7-submit\" \/>\n\t<\/div>\n<\/div>\n<style>\n.cmsmasters_row_margin span.wpcf7-list-item-label {\n    color: #fff;\n}\n<\/style>\n<div class=\"wpcf7-response-output\" aria-hidden=\"true\"><\/div><input type=\"hidden\" name=\"trp-form-language\" value=\"en\"\/><\/form><\/div><\/div>\n<\/div>\n<\/div><\/div>\n<div id=\"cmsmasters_column_veewz8nwxr\" class=\"cmsmasters_column one_half\">\n<div class=\"cmsmasters_column_inner\"><div class=\"cmsmasters_text\">\n<h3>Regulation of Mass media access<\/h3>\n<p>&nbsp;<\/p>\n<p>It is carried out in accordance with the Procedure regarding access and communication with Mass-media, Code PO JR 01, as follows:<\/p>\n<ul>\n<li>mass media representatives have the obligation to present themselves at the gate of the institution for identification;<\/li>\n<li>the staff at the reception will request the identity documents of the media representatives, the service order\/work ID;<\/li>\n<li>the reception staff will notify the administrator \/ spokesperson of the presence of media representatives in the hospital courtyard;<\/li>\n<li>no representative of the mass media is allowed to enter the premises of the hospital except with the agreement of the management, following a written or telephone request and with a visit permit, following accreditation obtained in advance from the hospital.<\/li>\n<li>the media representatives will be permanently accompanied by a hospital guard during the visit. Access to hospital wards will be restricted and granted only with the approval of the head of department;<\/li>\n<li>The administrator will establish the places and conditions in which it will be possible to film when interviewing a patient, in compliance with the patient&#039;s privacy rights<\/li>\n<\/ul>\n<\/div>\n<\/div><\/div>\n<\/div>\n<\/div>\n<\/div>\n<\/div>\n<\/div>\n<div id=\"cmsmasters_row_rzpmdbwtpd\" class=\"cmsmasters_row cmsmasters_color_scheme_default cmsmasters_row_top_default cmsmasters_row_bot_default cmsmasters_row_boxed\">\n<div class=\"cmsmasters_row_outer_parent\">\n<div class=\"cmsmasters_row_outer\">\n<div class=\"cmsmasters_row_inner\">\n<div class=\"cmsmasters_row_margin\">\n<div id=\"cmsmasters_column_yeyu58gxob\" class=\"cmsmasters_column one_first\">\n<div class=\"cmsmasters_column_inner\">\n<div id=\"cmsmasters_divider_88x6tyb2l8\" class=\"cmsmasters_divider cmsmasters_divider_width_long cmsmasters_divider_pos_center\"><\/div>\n<\/div><\/div>\n<\/div>\n<\/div>\n<\/div>\n<\/div>\n<\/div>\n<div id=\"cmsmasters_row_hhsm47xsmg\" class=\"cmsmasters_row cmsmasters_color_scheme_default cmsmasters_row_top_default cmsmasters_row_bot_default cmsmasters_row_boxed\">\n<div class=\"cmsmasters_row_outer_parent\">\n<div class=\"cmsmasters_row_outer\">\n<div class=\"cmsmasters_row_inner\">\n<div class=\"cmsmasters_row_margin\">\n<div id=\"cmsmasters_column_cmypmxy8p\" class=\"cmsmasters_column one_fourth\">\n<div class=\"cmsmasters_column_inner\"><\/div><\/div>\n<div id=\"cmsmasters_column_51ynluin1s\" class=\"cmsmasters_column one_half\">\n<div class=\"cmsmasters_column_inner\"><div id=\"cmsmasters_heading_she90d5347\" class=\"cmsmasters_heading_wrap cmsmasters_heading_align_left\">\n\t<h2 class=\"cmsmasters_heading\">Leadership<\/h2>\n<\/div><div class=\"cmsmasters_text\">\n<table>\n<tbody>\n<tr>\n<td>Administrator<\/td>\n<td>Dr. Simionescu Livia<\/p>\n<p>Audience Program:<\/p>\n<ul>\n<li>Wednesday: 14:00-16:00<\/li>\n<\/ul>\n<\/td>\n<\/tr>\n<tr>\n<td>Medical director<\/td>\n<td>Dr. Simionescu Aurelian<\/td>\n<\/tr>\n<tr>\n<td>Economic manager<\/td>\n<td>Eq. Vlad Gabriela<\/td>\n<\/tr>\n<tr>\n<td>Spokesman<\/td>\n<td>Dr. Simionescu Aurelian<\/p>\n<p>0732.161.769<\/td>\n<\/tr>\n<\/tbody>\n<\/table>\n<\/div>\n<\/div><\/div>\n<div id=\"cmsmasters_column_k2k3t3gkin\" class=\"cmsmasters_column one_fourth\">\n<div class=\"cmsmasters_column_inner\"><\/div><\/div>\n<\/div>\n<\/div>\n<\/div>\n<\/div>\n<\/div>","protected":false},"excerpt":{"rendered":"","protected":false},"author":1,"featured_media":0,"parent":0,"menu_order":47,"comment_status":"closed","ping_status":"open","template":"","meta":[],"yoast_head":"<!-- This site is optimized with the Yoast SEO plugin v18.2 - https:\/\/yoast.com\/wordpress\/plugins\/seo\/ -->\n<title>Contact - Lisimed<\/title>\n<meta name=\"robots\" content=\"index, follow, max-snippet:-1, max-image-preview:large, max-video-preview:-1\" \/>\n<link rel=\"canonical\" href=\"https:\/\/lisimed.ro\/en\/contact\/\" \/>\n<meta property=\"og:locale\" content=\"en_GB\" \/>\n<meta property=\"og:type\" content=\"article\" \/>\n<meta property=\"og:title\" content=\"Contact - Lisimed\" \/>\n<meta property=\"og:url\" content=\"https:\/\/lisimed.ro\/en\/contact\/\" \/>\n<meta property=\"og:site_name\" content=\"Lisimed\" \/>\n<meta property=\"article:modified_time\" content=\"2023-10-12T04:24:00+00:00\" \/>\n<meta name=\"twitter:card\" content=\"summary_large_image\" \/>\n<meta name=\"twitter:label1\" content=\"Est. reading time\" \/>\n\t<meta name=\"twitter:data1\" content=\"5 minutes\" \/>\n<script type=\"application\/ld+json\" class=\"yoast-schema-graph\">{\"@context\":\"https:\/\/schema.org\",\"@graph\":[{\"@type\":\"WebSite\",\"@id\":\"https:\/\/lisimed.ro\/#website\",\"url\":\"https:\/\/lisimed.ro\/\",\"name\":\"Lisimed\",\"description\":\"Policlinica familiei tale\",\"potentialAction\":[{\"@type\":\"SearchAction\",\"target\":{\"@type\":\"EntryPoint\",\"urlTemplate\":\"https:\/\/lisimed.ro\/?s={search_term_string}\"},\"query-input\":\"required name=search_term_string\"}],\"inLanguage\":\"en-GB\"},{\"@type\":\"WebPage\",\"@id\":\"https:\/\/lisimed.ro\/contact\/#webpage\",\"url\":\"https:\/\/lisimed.ro\/contact\/\",\"name\":\"Contact - Lisimed\",\"isPartOf\":{\"@id\":\"https:\/\/lisimed.ro\/#website\"},\"datePublished\":\"2015-04-15T14:16:46+00:00\",\"dateModified\":\"2023-10-12T04:24:00+00:00\",\"breadcrumb\":{\"@id\":\"https:\/\/lisimed.ro\/contact\/#breadcrumb\"},\"inLanguage\":\"en-GB\",\"potentialAction\":[{\"@type\":\"ReadAction\",\"target\":[\"https:\/\/lisimed.ro\/contact\/\"]}]},{\"@type\":\"BreadcrumbList\",\"@id\":\"https:\/\/lisimed.ro\/contact\/#breadcrumb\",\"itemListElement\":[{\"@type\":\"ListItem\",\"position\":1,\"name\":\"Home\",\"item\":\"https:\/\/lisimed.ro\/\"},{\"@type\":\"ListItem\",\"position\":2,\"name\":\"Contact\"}]}]}<\/script>\n<!-- \/ Yoast SEO plugin. -->","yoast_head_json":{"title":"Contact - Lisimed","robots":{"index":"index","follow":"follow","max-snippet":"max-snippet:-1","max-image-preview":"max-image-preview:large","max-video-preview":"max-video-preview:-1"},"canonical":"https:\/\/lisimed.ro\/en\/contact\/","og_locale":"en_GB","og_type":"article","og_title":"Contact - Lisimed","og_url":"https:\/\/lisimed.ro\/en\/contact\/","og_site_name":"Lisimed","article_modified_time":"2023-10-12T04:24:00+00:00","twitter_card":"summary_large_image","twitter_misc":{"Est. reading time":"5 minutes"},"schema":{"@context":"https:\/\/schema.org","@graph":[{"@type":"WebSite","@id":"https:\/\/lisimed.ro\/#website","url":"https:\/\/lisimed.ro\/","name":"Lisimed","description":"Policlinica familiei tale","potentialAction":[{"@type":"SearchAction","target":{"@type":"EntryPoint","urlTemplate":"https:\/\/lisimed.ro\/?s={search_term_string}"},"query-input":"required name=search_term_string"}],"inLanguage":"en-GB"},{"@type":"WebPage","@id":"https:\/\/lisimed.ro\/contact\/#webpage","url":"https:\/\/lisimed.ro\/contact\/","name":"Contact - Lisimed","isPartOf":{"@id":"https:\/\/lisimed.ro\/#website"},"datePublished":"2015-04-15T14:16:46+00:00","dateModified":"2023-10-12T04:24:00+00:00","breadcrumb":{"@id":"https:\/\/lisimed.ro\/contact\/#breadcrumb"},"inLanguage":"en-GB","potentialAction":[{"@type":"ReadAction","target":["https:\/\/lisimed.ro\/contact\/"]}]},{"@type":"BreadcrumbList","@id":"https:\/\/lisimed.ro\/contact\/#breadcrumb","itemListElement":[{"@type":"ListItem","position":1,"name":"Home","item":"https:\/\/lisimed.ro\/"},{"@type":"ListItem","position":2,"name":"Contact"}]}]}},"_links":{"self":[{"href":"https:\/\/lisimed.ro\/en\/wp-json\/wp\/v2\/pages\/163"}],"collection":[{"href":"https:\/\/lisimed.ro\/en\/wp-json\/wp\/v2\/pages"}],"about":[{"href":"https:\/\/lisimed.ro\/en\/wp-json\/wp\/v2\/types\/page"}],"author":[{"embeddable":true,"href":"https:\/\/lisimed.ro\/en\/wp-json\/wp\/v2\/users\/1"}],"replies":[{"embeddable":true,"href":"https:\/\/lisimed.ro\/en\/wp-json\/wp\/v2\/comments?post=163"}],"version-history":[{"count":41,"href":"https:\/\/lisimed.ro\/en\/wp-json\/wp\/v2\/pages\/163\/revisions"}],"predecessor-version":[{"id":18951,"href":"https:\/\/lisimed.ro\/en\/wp-json\/wp\/v2\/pages\/163\/revisions\/18951"}],"wp:attachment":[{"href":"https:\/\/lisimed.ro\/en\/wp-json\/wp\/v2\/media?parent=163"}],"curies":[{"name":"wp","href":"https:\/\/api.w.org\/{rel}","templated":true}]}}