{"id":15722,"date":"2022-05-27T16:17:35","date_gmt":"2022-05-27T13:17:35","guid":{"rendered":"https:\/\/lisimed.ro\/?page_id=15722"},"modified":"2023-10-13T20:11:16","modified_gmt":"2023-10-13T17:11:16","slug":"neurochirurgie","status":"publish","type":"page","link":"https:\/\/lisimed.ro\/en\/medical-offices\/neurosurgery\/","title":{"rendered":"NEUROSURGERY"},"content":{"rendered":"<div id=\"cmsmasters_row_05f35b56fd\" class=\"cmsmasters_row cmsmasters_color_scheme_default cmsmasters_row_top_default cmsmasters_row_bot_default cmsmasters_row_boxed\">\n<div class=\"cmsmasters_row_outer_parent\">\n<div class=\"cmsmasters_row_outer\">\n<div class=\"cmsmasters_row_inner\">\n<div class=\"cmsmasters_row_margin\">\n<div id=\"cmsmasters_column_d70a0e2b7a\" class=\"cmsmasters_column one_first\">\n<div class=\"cmsmasters_column_inner\"><div id=\"cmsmasters_video_wrap_x25d61zv7g\" class=\"cmsmasters_video_wrap\">\n<div style=\"width: 640px;\" class=\"wp-video\"><!--[if lt IE 9]><script>document.createElement('video');<\/script><![endif]--><br \/>\n<video class=\"wp-video-shortcode\" id=\"video-15722-1\" width=\"640\" height=\"360\" poster=\"https:\/\/lisimed.ro\/wp-content\/uploads\/2022\/05\/neurohope-poster.png\" preload=\"none\" controls=\"controls\"><source type=\"video\/mp4\" src=\"https:\/\/lisimed.ro\/wp-content\/uploads\/2022\/05\/clip-Neurohope-v5.mp4?_=1\" \/><a href=\"https:\/\/lisimed.ro\/wp-content\/uploads\/2022\/05\/clip-Neurohope-v5.mp4\">https:\/\/lisimed.ro\/wp-content\/uploads\/2022\/05\/clip-Neurohope-v5.mp4<\/a><\/video><\/div>\n<\/div>\n<div class=\"cmsmasters_img  cmsmasters_image_n img-display\"><img src=\"https:\/\/lisimed.ro\/wp-content\/uploads\/2019\/11\/stephen-dawson-qwtCeJ5cLYs-unsplash-1024x737.jpg\" \/><\/div><div id=\"cmsmasters_heading_029a96a860\" class=\"cmsmasters_heading_wrap cmsmasters_heading_align_left\">\n\t<h2 class=\"cmsmasters_heading\">NEUROSURGERY<\/h2>\n<\/div><div class=\"cmsmasters_text\">\n<p><strong>Neurosurgery<\/strong> is a branch of surgery that deals with the diagnosis and surgical and non-surgical treatment of pathologies affecting the central and peripheral nervous system. Injuries or disorders of the brain, spinal cord, spine and peripheral nerves are addressed through minimally invasive interventions.<\/p>\n<p>NeuroHope minimally invasive neurosurgery clinic, a Lisimed partner, offers patients the opportunity to be evaluated by neurosurgeons with extensive experience in cerebral and spinal pathologies. The multidisciplinary approach ensures the patient&#039;s access to all the necessary complementary therapies, thus addressing all his needs. The preoperative planning and &quot;Tumor Board&quot;, together with ultramodern technology, represent the highest &quot;Standard of Care&quot; in neurosurgery. Minimally invasive neurosurgery allows for highly complex interventions, with minimal risk for the patient, with excellent aesthetic results and rapid healing.<\/p>\n<p>The list of conditions treated with a minimally invasive approach at the NeuroHope center includes but is not limited to:<\/p>\n<ul>\n<li>Brain tumors (malignant and benign)<\/li>\n<li>Cerebrovascular and spinal diseases<\/li>\n<li>Cranio-cerebral traumatic pathologies<\/li>\n<li>hydrocephalus<\/li>\n<li>Functional neurosurgery<\/li>\n<li>Anomalies of the craniocervical junction<\/li>\n<li>Degenerative spinal pathology<\/li>\n<li>Diseases with ophthalmological manifestations<\/li>\n<li>Diseases with Endocrinological manifestations<\/li>\n<\/ul>\n<p>Intraoperative monitoring, neuronavigation, intraoperative ultrasound and modern anesthetic techniques are just some of the safety standards implemented by NeuroHope.<\/p>\n<p>Improving the quality of life, maximizing the chances of patients, complete healing and the return to normality of those affected by cerebral or spinal pathologies, represents the desire of the NeuroHope team. The experience of neurosurgeons, as well as the ultramodern technological platform, offer patients a new chance at life.<\/p>\n<p>&nbsp;<\/p>\n<p><strong>Dr. Popescu Cristian<\/strong> \u2013 Neurosurgery Specialist<\/p>\n<\/div>\n<\/div><\/div>\n<\/div>\n<\/div>\n<\/div>\n<\/div>\n<\/div>\n<div id=\"cmsmasters_row_64ba008150\" class=\"cmsmasters_row cmsmasters_color_scheme_default cmsmasters_row_top_default cmsmasters_row_bot_default cmsmasters_row_boxed\">\n<div class=\"cmsmasters_row_outer_parent\">\n<div class=\"cmsmasters_row_outer\">\n<div class=\"cmsmasters_row_inner\">\n<div class=\"cmsmasters_row_margin\">\n<div id=\"cmsmasters_column_142893fd0d\" class=\"cmsmasters_column one_first\">\n<div class=\"cmsmasters_column_inner\">\n<div id=\"cmsmasters_divider_b3481ca122\" class=\"cmsmasters_divider cmsmasters_divider_width_long cmsmasters_divider_pos_center\"><\/div>\n<div id=\"cmsmasters_heading_0ce35f52c8\" class=\"cmsmasters_heading_wrap cmsmasters_heading_align_left\">\n\t<h2 class=\"cmsmasters_heading\">Make an appointment<\/h2>\n<\/div>\n<div class=\"cmsmasters_contact_form\" data-animation=\"fadeIn\" data-delay=\"0\"><div role=\"form\" class=\"wpcf7\" id=\"wpcf7-f12468-o1\" lang=\"en-US\" dir=\"ltr\">\n<div class=\"screen-reader-response\"><p role=\"status\" aria-live=\"polite\" aria-atomic=\"true\"><\/p> <ul><\/ul><\/div>\n<form action=\"\/en\/wp-json\/wp\/v2\/pages\/15722#wpcf7-f12468-o1\" method=\"post\" class=\"wpcf7-form init\" novalidate=\"novalidate\" data-status=\"init\" data-trp-original-action=\"\/en\/wp-json\/wp\/v2\/pages\/15722#wpcf7-f12468-o1\">\n<div style=\"display: none;\">\n<input type=\"hidden\" name=\"_wpcf7\" value=\"12468\" \/>\n<input type=\"hidden\" name=\"_wpcf7_version\" value=\"5.5.6\" \/>\n<input type=\"hidden\" name=\"_wpcf7_locale\" value=\"en_US\" \/>\n<input type=\"hidden\" name=\"_wpcf7_unit_tag\" value=\"wpcf7-f12468-o1\" \/>\n<input type=\"hidden\" name=\"_wpcf7_container_post\" value=\"0\" \/>\n<input type=\"hidden\" name=\"_wpcf7_posted_data_hash\" value=\"\" \/>\n<input type=\"hidden\" name=\"_wpcf7_recaptcha_response\" value=\"\" \/>\n<\/div>\n<div class=\"cmsmasters_row_margin cmsmasters_1212\">\n<div class=\"cmsmasters_column one_first\">\n                <select name=\"medic\" id=\"medic\" class=\"wpcf7-form-control wpcf7-select\" onchange=\"document.getElementById('medic').value=this.value;\"><option>Select the doctor<\/option><optgroup label=\"Alergologie\"><option value=\"Carstoiu Alexandra\">Alexandra Carstoiu <\/option><\/optgroup><optgroup label=\"Anestezie si Terapie Intensiva\"><option value=\"Ciolca Roxana\">Roxana Ciolca <\/option><\/optgroup><optgroup label=\"Baz\u0103 recuperare \u0219i fizioterapie\"><option value=\"Hoara Madalina\">Hoara Madalina <\/option><option value=\"Stefan Elena\">Stefan Elena <\/option><option value=\"Iovu Ecaterina\">Iovu Ecaterina <\/option><\/optgroup><optgroup label=\"Cardiologie\"><option value=\"Preda Gabriel\">Preda Gabriel <\/option><option value=\"Mihailovici Maria\">Maria Mihailovici <\/option><option value=\"Vinturis Emilia\">Venturis Emilia <\/option><option value=\"\u0218erban Ion\">\u015eerban Ion <\/option><\/optgroup><optgroup label=\"Chirurgie general\u0103\"><option value=\"Dudu Catalin\">Dudu Catalin <\/option><option value=\"Chiriac Gabriel\">Chiriac Gabriel <\/option><option value=\"Diaconescu Nicolae\">Nicolae Deaconescu <\/option><\/optgroup><optgroup label=\"Chirurgie infantil\u0103\"><option value=\"Nicolae Viorel\">Nicolae Viorel <\/option><\/optgroup><optgroup label=\"Chirurgie vascular\u0103\"><option value=\"Moraru Andreea\">Moraru Andreea <\/option><\/optgroup><optgroup label=\"Dermatologie\"><option value=\"Simionescu Livia\">Livia Simionescu <\/option><option value=\"Marculescu Florentina\">Marculescu Florentina <\/option><option value=\"Taslica Rodica\">Taslica Rodica <\/option><\/optgroup><optgroup label=\"Diabet, nutri\u021bie, boli metabolice\"><option value=\"Patru Delia\">Four Delias <\/option><\/optgroup><optgroup label=\"Endocrinologie\"><option value=\"Smarandache Romeo\">Smarandache Romeo <\/option><option value=\"Khalid Alexandra\">Khalid Alexandra <\/option><option value=\"Trita Claudia\">Trita Claudia <\/option><\/optgroup><optgroup label=\"Farmacie \u0219i dispozitive medicale\"><option value=\"Simionescu Daniela\">Daniela Simionescu <\/option><\/optgroup><optgroup label=\"Gastroenterologie\"><option value=\"Vaduva Mihaela\">Widow Mihaela <\/option><option value=\"Gavrila Silviu\">Gavrila Silviu <\/option><\/optgroup><optgroup label=\"Hematologie\"><option value=\"Coanda Irinel\">Coanda Irinel <\/option><\/optgroup><optgroup label=\"Laborator analize medicale\"><option value=\"R\u0103doi Ana-Maria\">Radoi Ana-Maria <\/option><\/optgroup><optgroup label=\"Laborator Radiologie si Imagistica Medicala\"><option value=\"Ciobanu Cristian\">Ciobanu Cristian <\/option><option value=\"Paunescu Mihaela\">Mihaela Paunescu <\/option><option value=\"Ciulinca Andreea\">Ciulinca Andreea <\/option><option value=\"Stegaru Angelo\">Flag Angelo <\/option><option value=\"Dumitrescu Dorin\">Dorin Dumitrescu <\/option><\/optgroup><optgroup label=\"Medicin\u0103 general\u0103\"><option value=\"Tolo\u0219 Doini\u021ba\">Tolos Doinita <\/option><\/optgroup><optgroup label=\"Medicin\u0103 Intern\u0103\"><option value=\"Deliu Ionela-Cristina\">Deliu Ionela-Cristina <\/option><option value=\"Oprea Camelia\">Oprea Camelia <\/option><option value=\"Bucur Antoaneta\">Bucur Antoaneta <\/option><option value=\"Prundeanu Dan\">Prundeanu Dan <\/option><option value=\"Simionescu Aurelian\">Aurelian Simionescu <\/option><\/optgroup><optgroup label=\"Medicina muncii\"><option value=\"Stoica Floricica\">Stoica Floricica <\/option><\/optgroup><optgroup label=\"Nefrologie\"><option value=\"Simionescu Tudor\">Simionescu Tudor <\/option><option value=\"Mih\u0103ilescu Ileana\">Ileana Mih\u0103ilescu <\/option><option value=\"Simionescu Aurelian\">Aurelian Simionescu <\/option><\/optgroup><optgroup label=\"Neurologie\"><option value=\"Marcu Mihaela\">Mark Mihaela <\/option><option value=\"Popescu Cristian\">Cristian Popescu <\/option><option value=\"Arsenie Cristina\">Arsenie Cristina <\/option><option value=\"Delureanu Mihaela\">Mihaela Delureanu <\/option><\/optgroup><optgroup label=\"Obstetric\u0103 \u0219i Ginecologie\"><option value=\"Nedelea Stefan\">Nedelea Stefan <\/option><option value=\"M\u0103n\u0103il\u0103 Ioan\">Manaila Ioan <\/option><option value=\"Jumuga Cristian\">Jumuga Cristian <\/option><\/optgroup><optgroup label=\"Oftalmologie\"><option value=\"C\u0103linescu Mihai\">C\u0103linescu Mihai <\/option><\/optgroup><optgroup label=\"ORL\"><option value=\"Deyab Rayed\">Dayab Rayed <\/option><option value=\"Gavrila Sergiu\">Gavrila Sergiu <\/option><option value=\"Guta Manuela\">Guta Manuela <\/option><option value=\"Berte\u0219teanu \u0218erban\">Berte\u0219teanu \u015eerban <\/option><option value=\"Br\u0103toi Eufrosina\">Br\u0103toi Eufrosina <\/option><\/optgroup><optgroup label=\"Ortopedie\"><option value=\"Almasarwah Ra\u2019fat\">Almasarwah Ra&#039;fat <\/option><option value=\"Teodor Linca\">Teodor Linca <\/option><option value=\"Oprea Andrei\">Oprea Andrei <\/option><\/optgroup><optgroup label=\"Ortopedie infantil\u0103\"><option value=\"Dorobantu Ionut Gabriel\">Dorobantu Ionut Gabriel <\/option><\/optgroup><optgroup label=\"Pediatrie\"><option value=\"Pacioianu Adriana\">Pacioianu Adriana <\/option><option value=\"Ene Lavinia\">Ene Lavinia <\/option><\/optgroup><optgroup label=\"Protctologie\"><option value=\"Dudu Catalin\">Dudu Catalin <\/option><\/optgroup><optgroup label=\"Psihiatrie\"><option value=\"Tufeanu Mihaela\">Mihaela Tufeanu <\/option><option value=\"Br\u0103toi Ion\">Bratoi Ion <\/option><\/optgroup><optgroup label=\"Reumatologie\"><option value=\"Deliu Cristina\">Deliu Cristina <\/option><option value=\"Cepareanu Monica\">Cepareanu Monica <\/option><option value=\"Craciun Marian\">Craciun Marian <\/option><\/optgroup><optgroup label=\"Urologie\"><option value=\"Olteanu Alexandru\">Alexander Olteanu <\/option><option value=\"Cazangiu Razvan\">Razvan Boilermaker <\/option><option value=\"Georgescu Bogdan\">Georgescu Bogdan <\/option><\/optgroup><\/select>\n        <\/div>\n<p>        <br><\/p>\n<div class=\"cmsmasters_column one_half\">\n<p>\t\t<span class=\"wpcf7-form-control-wrap your-name\"><input type=\"text\" name=\"your-name\" value=\"\" size=\"40\" class=\"wpcf7-form-control wpcf7-text wpcf7-validates-as-required\" aria-required=\"true\" aria-invalid=\"false\" placeholder=\"Name\" \/><\/span><br><br \/>\n\t\t<span class=\"wpcf7-form-control-wrap your-email\"><input type=\"text\" name=\"your-email\" value=\"\" size=\"40\" class=\"wpcf7-form-control wpcf7-text wpcf7-validates-as-required\" aria-required=\"true\" aria-invalid=\"false\" placeholder=\"E-mail\" \/><\/span><br>\n\t<\/div>\n<div class=\"cmsmasters_column one_half\">\n\t\t<span class=\"wpcf7-form-control-wrap phone\"><input type=\"tel\" name=\"phone\" value=\"\" size=\"40\" class=\"wpcf7-form-control wpcf7-text wpcf7-tel wpcf7-validates-as-required wpcf7-validates-as-tel\" aria-required=\"true\" aria-invalid=\"false\" placeholder=\"Phone\" \/><\/span><br><br \/>\n\t\t<span class=\"wpcf7-form-control-wrap date\"><input type=\"text\" name=\"date\" value=\"\" size=\"40\" class=\"wpcf7-form-control wpcf7-text wpcf7-validates-as-required form-date\" aria-required=\"true\" aria-invalid=\"false\" placeholder=\"DD.MM.YYYY\" \/><\/span><br><\/p>\n<\/div>\n<\/div>\n<p><br\/><\/p>\n<div class=\"cmsmasters_row_margin cmsmasters_11\">\n<div class=\"cmsmasters_column one_first\">\n             <span class=\"wpcf7-form-control-wrap acceptance-880\"><span class=\"wpcf7-form-control wpcf7-acceptance\"><span class=\"wpcf7-list-item\"><label><input type=\"checkbox\" name=\"acceptance-880\" value=\"1\" aria-invalid=\"false\" \/><span class=\"wpcf7-list-item-label\">I have read and agree to the privacy policy.<\/span><\/label><\/span><\/span><\/span>\n        <\/div>\n<div class=\"cmsmasters_column one_first\">\n             <span class=\"wpcf7-form-control-wrap acceptance-881\"><span class=\"wpcf7-form-control wpcf7-acceptance\"><span class=\"wpcf7-list-item\"><label><input type=\"checkbox\" name=\"acceptance-881\" value=\"1\" aria-invalid=\"false\" \/><span class=\"wpcf7-list-item-label\">I agree to be contacted by phone and email.<\/span><\/label><\/span><\/span><\/span>\n        <\/div>\n<div class=\"cmsmasters_column one_first\">\n             <span class=\"wpcf7-form-control-wrap acceptance-882\"><span class=\"wpcf7-form-control wpcf7-acceptance\"><span class=\"wpcf7-list-item\"><label><input type=\"checkbox\" name=\"acceptance-882\" value=\"1\" aria-invalid=\"false\" \/><span class=\"wpcf7-list-item-label\">I declare that the data entered is real and I can prove it.<\/span><\/label><\/span><\/span><\/span>\n        <\/div>\n<\/div>\n<p><br\/><\/p>\n<div class=\"cmsmasters_row_margin cmsmasters_11\">\n<div class=\"cmsmasters_column one_first\">\n\t\t<input type=\"submit\" value=\"Make an appointment\" class=\"wpcf7-form-control has-spinner wpcf7-submit\" \/>\n\t<\/div>\n<\/div>\n<style>\n.cmsmasters_row_margin span.wpcf7-list-item-label {\n    color: #fff;\n}\n<\/style>\n<div class=\"wpcf7-response-output\" aria-hidden=\"true\"><\/div><input type=\"hidden\" name=\"trp-form-language\" value=\"en\"\/><\/form><\/div><\/div>\n<\/div><\/div>\n<\/div>\n<\/div>\n<\/div>\n<\/div>\n<\/div>","protected":false},"excerpt":{"rendered":"","protected":false},"author":1,"featured_media":13847,"parent":14405,"menu_order":21,"comment_status":"closed","ping_status":"closed","template":"","meta":[],"yoast_head":"<!-- This site is optimized with the Yoast SEO plugin v18.2 - https:\/\/yoast.com\/wordpress\/plugins\/seo\/ -->\n<title>NEUROCHIRURGIE - Lisimed<\/title>\n<meta name=\"description\" content=\"Pentru vizita medical\u0103 \u00een cabinetul nostru, v\u0103 pute\u021bi programa prin formularul de contact, ori telefon\u00e2nd la 0732 161 762 \/ 0249 402 000.\" \/>\n<meta name=\"robots\" content=\"index, follow, max-snippet:-1, max-image-preview:large, max-video-preview:-1\" \/>\n<link rel=\"canonical\" href=\"https:\/\/lisimed.ro\/en\/medical-offices\/neurosurgery\/\" \/>\n<meta property=\"og:locale\" content=\"en_GB\" \/>\n<meta property=\"og:type\" content=\"article\" \/>\n<meta property=\"og:title\" content=\"NEUROCHIRURGIE - Lisimed\" \/>\n<meta property=\"og:description\" content=\"Pentru vizita medical\u0103 \u00een cabinetul nostru, v\u0103 pute\u021bi programa prin formularul de contact, ori telefon\u00e2nd la 0732 161 762 \/ 0249 402 000.\" \/>\n<meta property=\"og:url\" content=\"https:\/\/lisimed.ro\/en\/medical-offices\/neurosurgery\/\" \/>\n<meta property=\"og:site_name\" content=\"Lisimed\" \/>\n<meta property=\"article:modified_time\" content=\"2023-10-13T17:11:16+00:00\" \/>\n<meta property=\"og:image\" content=\"https:\/\/lisimed.ro\/wp-content\/uploads\/2019\/11\/stephen-dawson-qwtCeJ5cLYs-unsplash-scaled.jpg\" \/>\n\t<meta property=\"og:image:width\" content=\"2560\" \/>\n\t<meta property=\"og:image:height\" content=\"1842\" \/>\n\t<meta property=\"og:image:type\" content=\"image\/jpeg\" \/>\n<meta name=\"twitter:card\" content=\"summary_large_image\" \/>\n<meta name=\"twitter:label1\" content=\"Est. reading time\" \/>\n\t<meta name=\"twitter:data1\" content=\"3 minutes\" \/>\n<script type=\"application\/ld+json\" class=\"yoast-schema-graph\">{\"@context\":\"https:\/\/schema.org\",\"@graph\":[{\"@type\":\"WebSite\",\"@id\":\"https:\/\/lisimed.ro\/#website\",\"url\":\"https:\/\/lisimed.ro\/\",\"name\":\"Lisimed\",\"description\":\"Policlinica familiei tale\",\"potentialAction\":[{\"@type\":\"SearchAction\",\"target\":{\"@type\":\"EntryPoint\",\"urlTemplate\":\"https:\/\/lisimed.ro\/?s={search_term_string}\"},\"query-input\":\"required name=search_term_string\"}],\"inLanguage\":\"en-GB\"},{\"@type\":\"ImageObject\",\"@id\":\"https:\/\/lisimed.ro\/cabinete-medicale\/neurochirurgie\/#primaryimage\",\"inLanguage\":\"en-GB\",\"url\":\"https:\/\/lisimed.ro\/wp-content\/uploads\/2019\/11\/stephen-dawson-qwtCeJ5cLYs-unsplash-scaled.jpg\",\"contentUrl\":\"https:\/\/lisimed.ro\/wp-content\/uploads\/2019\/11\/stephen-dawson-qwtCeJ5cLYs-unsplash-scaled.jpg\",\"width\":2560,\"height\":1842},{\"@type\":\"WebPage\",\"@id\":\"https:\/\/lisimed.ro\/cabinete-medicale\/neurochirurgie\/#webpage\",\"url\":\"https:\/\/lisimed.ro\/cabinete-medicale\/neurochirurgie\/\",\"name\":\"NEUROCHIRURGIE - Lisimed\",\"isPartOf\":{\"@id\":\"https:\/\/lisimed.ro\/#website\"},\"primaryImageOfPage\":{\"@id\":\"https:\/\/lisimed.ro\/cabinete-medicale\/neurochirurgie\/#primaryimage\"},\"datePublished\":\"2022-05-27T13:17:35+00:00\",\"dateModified\":\"2023-10-13T17:11:16+00:00\",\"description\":\"Pentru vizita medical\u0103 \u00een cabinetul nostru, v\u0103 pute\u021bi programa prin formularul de contact, ori telefon\u00e2nd la 0732 161 762 \/ 0249 402 000.\",\"breadcrumb\":{\"@id\":\"https:\/\/lisimed.ro\/cabinete-medicale\/neurochirurgie\/#breadcrumb\"},\"inLanguage\":\"en-GB\",\"potentialAction\":[{\"@type\":\"ReadAction\",\"target\":[\"https:\/\/lisimed.ro\/cabinete-medicale\/neurochirurgie\/\"]}]},{\"@type\":\"BreadcrumbList\",\"@id\":\"https:\/\/lisimed.ro\/cabinete-medicale\/neurochirurgie\/#breadcrumb\",\"itemListElement\":[{\"@type\":\"ListItem\",\"position\":1,\"name\":\"Home\",\"item\":\"https:\/\/lisimed.ro\/\"},{\"@type\":\"ListItem\",\"position\":2,\"name\":\"Cabinete medicale\",\"item\":\"https:\/\/lisimed.ro\/cabinete-medicale\/\"},{\"@type\":\"ListItem\",\"position\":3,\"name\":\"NEUROCHIRURGIE\"}]}]}<\/script>\n<!-- \/ Yoast SEO plugin. -->","yoast_head_json":{"title":"NEUROCHIRURGIE - Lisimed","description":"Pentru vizita medical\u0103 \u00een cabinetul nostru, v\u0103 pute\u021bi programa prin formularul de contact, ori telefon\u00e2nd la 0732 161 762 \/ 0249 402 000.","robots":{"index":"index","follow":"follow","max-snippet":"max-snippet:-1","max-image-preview":"max-image-preview:large","max-video-preview":"max-video-preview:-1"},"canonical":"https:\/\/lisimed.ro\/en\/medical-offices\/neurosurgery\/","og_locale":"en_GB","og_type":"article","og_title":"NEUROCHIRURGIE - Lisimed","og_description":"Pentru vizita medical\u0103 \u00een cabinetul nostru, v\u0103 pute\u021bi programa prin formularul de contact, ori telefon\u00e2nd la 0732 161 762 \/ 0249 402 000.","og_url":"https:\/\/lisimed.ro\/en\/medical-offices\/neurosurgery\/","og_site_name":"Lisimed","article_modified_time":"2023-10-13T17:11:16+00:00","og_image":[{"width":2560,"height":1842,"url":"https:\/\/lisimed.ro\/wp-content\/uploads\/2019\/11\/stephen-dawson-qwtCeJ5cLYs-unsplash-scaled.jpg","type":"image\/jpeg"}],"twitter_card":"summary_large_image","twitter_misc":{"Est. reading time":"3 minutes"},"schema":{"@context":"https:\/\/schema.org","@graph":[{"@type":"WebSite","@id":"https:\/\/lisimed.ro\/#website","url":"https:\/\/lisimed.ro\/","name":"Lisimed","description":"Policlinica familiei tale","potentialAction":[{"@type":"SearchAction","target":{"@type":"EntryPoint","urlTemplate":"https:\/\/lisimed.ro\/?s={search_term_string}"},"query-input":"required name=search_term_string"}],"inLanguage":"en-GB"},{"@type":"ImageObject","@id":"https:\/\/lisimed.ro\/cabinete-medicale\/neurochirurgie\/#primaryimage","inLanguage":"en-GB","url":"https:\/\/lisimed.ro\/wp-content\/uploads\/2019\/11\/stephen-dawson-qwtCeJ5cLYs-unsplash-scaled.jpg","contentUrl":"https:\/\/lisimed.ro\/wp-content\/uploads\/2019\/11\/stephen-dawson-qwtCeJ5cLYs-unsplash-scaled.jpg","width":2560,"height":1842},{"@type":"WebPage","@id":"https:\/\/lisimed.ro\/cabinete-medicale\/neurochirurgie\/#webpage","url":"https:\/\/lisimed.ro\/cabinete-medicale\/neurochirurgie\/","name":"NEUROCHIRURGIE - Lisimed","isPartOf":{"@id":"https:\/\/lisimed.ro\/#website"},"primaryImageOfPage":{"@id":"https:\/\/lisimed.ro\/cabinete-medicale\/neurochirurgie\/#primaryimage"},"datePublished":"2022-05-27T13:17:35+00:00","dateModified":"2023-10-13T17:11:16+00:00","description":"Pentru vizita medical\u0103 \u00een cabinetul nostru, v\u0103 pute\u021bi programa prin formularul de contact, ori telefon\u00e2nd la 0732 161 762 \/ 0249 402 000.","breadcrumb":{"@id":"https:\/\/lisimed.ro\/cabinete-medicale\/neurochirurgie\/#breadcrumb"},"inLanguage":"en-GB","potentialAction":[{"@type":"ReadAction","target":["https:\/\/lisimed.ro\/cabinete-medicale\/neurochirurgie\/"]}]},{"@type":"BreadcrumbList","@id":"https:\/\/lisimed.ro\/cabinete-medicale\/neurochirurgie\/#breadcrumb","itemListElement":[{"@type":"ListItem","position":1,"name":"Home","item":"https:\/\/lisimed.ro\/"},{"@type":"ListItem","position":2,"name":"Cabinete medicale","item":"https:\/\/lisimed.ro\/cabinete-medicale\/"},{"@type":"ListItem","position":3,"name":"NEUROCHIRURGIE"}]}]}},"_links":{"self":[{"href":"https:\/\/lisimed.ro\/en\/wp-json\/wp\/v2\/pages\/15722"}],"collection":[{"href":"https:\/\/lisimed.ro\/en\/wp-json\/wp\/v2\/pages"}],"about":[{"href":"https:\/\/lisimed.ro\/en\/wp-json\/wp\/v2\/types\/page"}],"author":[{"embeddable":true,"href":"https:\/\/lisimed.ro\/en\/wp-json\/wp\/v2\/users\/1"}],"replies":[{"embeddable":true,"href":"https:\/\/lisimed.ro\/en\/wp-json\/wp\/v2\/comments?post=15722"}],"version-history":[{"count":7,"href":"https:\/\/lisimed.ro\/en\/wp-json\/wp\/v2\/pages\/15722\/revisions"}],"predecessor-version":[{"id":19018,"href":"https:\/\/lisimed.ro\/en\/wp-json\/wp\/v2\/pages\/15722\/revisions\/19018"}],"up":[{"embeddable":true,"href":"https:\/\/lisimed.ro\/en\/wp-json\/wp\/v2\/pages\/14405"}],"wp:featuredmedia":[{"embeddable":true,"href":"https:\/\/lisimed.ro\/en\/wp-json\/wp\/v2\/media\/13847"}],"wp:attachment":[{"href":"https:\/\/lisimed.ro\/en\/wp-json\/wp\/v2\/media?parent=15722"}],"curies":[{"name":"wp","href":"https:\/\/api.w.org\/{rel}","templated":true}]}}