{"id":14405,"date":"2020-08-03T10:02:16","date_gmt":"2020-08-03T08:02:16","guid":{"rendered":"https:\/\/lisimed.ro\/?page_id=14405"},"modified":"2020-08-17T17:17:16","modified_gmt":"2020-08-17T14:17:16","slug":"cabinete-medicale","status":"publish","type":"page","link":"https:\/\/lisimed.ro\/en\/medical-offices\/","title":{"rendered":"Medical offices"},"content":{"rendered":"<div id=\"cmsmasters_row_gyr8rvf397\" class=\"cmsmasters_row cmsmasters_color_scheme_default cmsmasters_row_top_default cmsmasters_row_bot_default cmsmasters_row_boxed\">\n<div class=\"cmsmasters_row_outer_parent\">\n<div class=\"cmsmasters_row_outer\">\n<div class=\"cmsmasters_row_inner\">\n<div class=\"cmsmasters_row_margin\">\n<div id=\"cmsmasters_column_itjt1bh36\" class=\"cmsmasters_column one_first\">\n<div class=\"cmsmasters_column_inner\"><div class=\"cmsmasters_text cabinete-custom\">\n<ul><li class=\"page_item page-item-14081\"><a href=\"https:\/\/lisimed.ro\/en\/medical-offices\/medical-rehabilitation-office\/\">MEDICAL REHABILITATION<\/a><\/li>\n<li class=\"page_item page-item-14079\"><a href=\"https:\/\/lisimed.ro\/en\/medical-offices\/cabinet-medicine-work\/\">LABOR MEDICINE<\/a><\/li>\n<li class=\"page_item page-item-14077\"><a href=\"https:\/\/lisimed.ro\/en\/medical-offices\/radiology-and-imaging-office\/\">RADIOLOGY AND IMAGING<\/a><\/li>\n<li class=\"page_item page-item-14075\"><a href=\"https:\/\/lisimed.ro\/en\/medical-offices\/vascular-surgery-office\/\">VASCULAR SURGERY<\/a><\/li>\n<li class=\"page_item page-item-14073\"><a href=\"https:\/\/lisimed.ro\/en\/medical-offices\/cabinet-diabetes-nutrition-metabolic-diseases\/\">DIABETES, NUTRITION, METABOLIC DISEASES<\/a><\/li>\n<li class=\"page_item page-item-14071\"><a href=\"https:\/\/lisimed.ro\/en\/medical-offices\/pediatric-office\/\">PEDIATRICS<\/a><\/li>\n<li class=\"page_item page-item-14069\"><a href=\"https:\/\/lisimed.ro\/en\/medical-offices\/gastroenterology-office\/\">GASTROENTEROLOGY AND DIGESTIVE ENDOSCOPY<\/a><\/li>\n<li class=\"page_item page-item-14067\"><a href=\"https:\/\/lisimed.ro\/en\/medical-offices\/hematology-office\/\">HEMATOLOGY<\/a><\/li>\n<li class=\"page_item page-item-14065\"><a href=\"https:\/\/lisimed.ro\/en\/medical-offices\/urology-office\/\">urologists<\/a><\/li>\n<li class=\"page_item page-item-14062\"><a href=\"https:\/\/lisimed.ro\/en\/medical-offices\/pediatric-orthopedic-office\/\">INFANT ORTHOPEDICS<\/a><\/li>\n<li class=\"page_item page-item-14058\"><a href=\"https:\/\/lisimed.ro\/en\/medical-offices\/orthopedic-office\/\">ORTHOPEDIC<\/a><\/li>\n<li class=\"page_item page-item-14053\"><a href=\"https:\/\/lisimed.ro\/en\/medical-offices\/dental-office\/\">ENT<\/a><\/li>\n<li class=\"page_item page-item-14051\"><a href=\"https:\/\/lisimed.ro\/en\/medical-offices\/ophthalmology-office\/\">OPHTHALMOLOGY<\/a><\/li>\n<li class=\"page_item page-item-14049\"><a href=\"https:\/\/lisimed.ro\/en\/medical-offices\/gynecology-office\/\">GYNECOLOGY<\/a><\/li>\n<li class=\"page_item page-item-15722\"><a href=\"https:\/\/lisimed.ro\/en\/medical-offices\/neurosurgery\/\">NEUROSURGERY<\/a><\/li>\n<li class=\"page_item page-item-14047\"><a href=\"https:\/\/lisimed.ro\/en\/medical-offices\/neurology-office\/\">NEUROLOGY<\/a><\/li>\n<li class=\"page_item page-item-14045\"><a href=\"https:\/\/lisimed.ro\/en\/medical-offices\/nephrology-office\/\">NEPHROLOGY<\/a><\/li>\n<li class=\"page_item page-item-14043\"><a href=\"https:\/\/lisimed.ro\/en\/medical-offices\/office-internal-medicine\/\">INTERNAL MEDICINE<\/a><\/li>\n<li class=\"page_item page-item-14041\"><a href=\"https:\/\/lisimed.ro\/en\/medical-offices\/office-endocrinology\/\">ENDOCRINOLOGY<\/a><\/li>\n<li class=\"page_item page-item-14039\"><a href=\"https:\/\/lisimed.ro\/en\/medical-offices\/dermatology-office\/\">DERMATOLOGY<\/a><\/li>\n<li class=\"page_item page-item-12232\"><a href=\"https:\/\/lisimed.ro\/en\/medical-offices\/cardiology-office\/\">CARDIOLOGY<\/a><\/li>\n<\/ul>\n<\/div>\n<\/div><\/div>\n<\/div>\n<\/div>\n<\/div>\n<\/div>\n<\/div>","protected":false},"excerpt":{"rendered":"","protected":false},"author":1,"featured_media":0,"parent":0,"menu_order":6,"comment_status":"closed","ping_status":"closed","template":"","meta":[],"yoast_head":"<!-- This site is optimized with the Yoast SEO plugin v18.2 - https:\/\/yoast.com\/wordpress\/plugins\/seo\/ -->\n<title>Cabinete medicale - Lisimed<\/title>\n<meta name=\"description\" content=\"Vizualiza\u021bi lista cabinetelor noastre medicale ale c\u0103ror medici v\u0103 a\u0219teapt\u0103 s\u0103 le c\u0103lca\u021bi pragul.\" \/>\n<meta name=\"robots\" content=\"index, follow, max-snippet:-1, max-image-preview:large, max-video-preview:-1\" \/>\n<link rel=\"canonical\" href=\"https:\/\/lisimed.ro\/en\/medical-offices\/\" \/>\n<meta property=\"og:locale\" content=\"en_GB\" \/>\n<meta property=\"og:type\" content=\"article\" \/>\n<meta property=\"og:title\" content=\"Cabinete medicale - Lisimed\" \/>\n<meta property=\"og:description\" content=\"Vizualiza\u021bi lista cabinetelor noastre medicale ale c\u0103ror medici v\u0103 a\u0219teapt\u0103 s\u0103 le c\u0103lca\u021bi pragul.\" \/>\n<meta property=\"og:url\" content=\"https:\/\/lisimed.ro\/en\/medical-offices\/\" \/>\n<meta property=\"og:site_name\" content=\"Lisimed\" \/>\n<meta property=\"article:modified_time\" content=\"2020-08-17T14:17:16+00:00\" \/>\n<meta name=\"twitter:card\" content=\"summary_large_image\" \/>\n<meta name=\"twitter:label1\" content=\"Est. reading time\" \/>\n\t<meta name=\"twitter:data1\" content=\"1 minute\" \/>\n<script type=\"application\/ld+json\" class=\"yoast-schema-graph\">{\"@context\":\"https:\/\/schema.org\",\"@graph\":[{\"@type\":\"WebSite\",\"@id\":\"https:\/\/lisimed.ro\/#website\",\"url\":\"https:\/\/lisimed.ro\/\",\"name\":\"Lisimed\",\"description\":\"Policlinica familiei tale\",\"potentialAction\":[{\"@type\":\"SearchAction\",\"target\":{\"@type\":\"EntryPoint\",\"urlTemplate\":\"https:\/\/lisimed.ro\/?s={search_term_string}\"},\"query-input\":\"required name=search_term_string\"}],\"inLanguage\":\"en-GB\"},{\"@type\":\"WebPage\",\"@id\":\"https:\/\/lisimed.ro\/cabinete-medicale\/#webpage\",\"url\":\"https:\/\/lisimed.ro\/cabinete-medicale\/\",\"name\":\"Cabinete medicale - Lisimed\",\"isPartOf\":{\"@id\":\"https:\/\/lisimed.ro\/#website\"},\"datePublished\":\"2020-08-03T08:02:16+00:00\",\"dateModified\":\"2020-08-17T14:17:16+00:00\",\"description\":\"Vizualiza\u021bi lista cabinetelor noastre medicale ale c\u0103ror medici v\u0103 a\u0219teapt\u0103 s\u0103 le c\u0103lca\u021bi pragul.\",\"breadcrumb\":{\"@id\":\"https:\/\/lisimed.ro\/cabinete-medicale\/#breadcrumb\"},\"inLanguage\":\"en-GB\",\"potentialAction\":[{\"@type\":\"ReadAction\",\"target\":[\"https:\/\/lisimed.ro\/cabinete-medicale\/\"]}]},{\"@type\":\"BreadcrumbList\",\"@id\":\"https:\/\/lisimed.ro\/cabinete-medicale\/#breadcrumb\",\"itemListElement\":[{\"@type\":\"ListItem\",\"position\":1,\"name\":\"Home\",\"item\":\"https:\/\/lisimed.ro\/\"},{\"@type\":\"ListItem\",\"position\":2,\"name\":\"Cabinete medicale\"}]}]}<\/script>\n<!-- \/ Yoast SEO plugin. -->","yoast_head_json":{"title":"Cabinete medicale - Lisimed","description":"Vizualiza\u021bi lista cabinetelor noastre medicale ale c\u0103ror medici v\u0103 a\u0219teapt\u0103 s\u0103 le c\u0103lca\u021bi pragul.","robots":{"index":"index","follow":"follow","max-snippet":"max-snippet:-1","max-image-preview":"max-image-preview:large","max-video-preview":"max-video-preview:-1"},"canonical":"https:\/\/lisimed.ro\/en\/medical-offices\/","og_locale":"en_GB","og_type":"article","og_title":"Cabinete medicale - Lisimed","og_description":"Vizualiza\u021bi lista cabinetelor noastre medicale ale c\u0103ror medici v\u0103 a\u0219teapt\u0103 s\u0103 le c\u0103lca\u021bi pragul.","og_url":"https:\/\/lisimed.ro\/en\/medical-offices\/","og_site_name":"Lisimed","article_modified_time":"2020-08-17T14:17:16+00:00","twitter_card":"summary_large_image","twitter_misc":{"Est. reading time":"1 minute"},"schema":{"@context":"https:\/\/schema.org","@graph":[{"@type":"WebSite","@id":"https:\/\/lisimed.ro\/#website","url":"https:\/\/lisimed.ro\/","name":"Lisimed","description":"Policlinica familiei tale","potentialAction":[{"@type":"SearchAction","target":{"@type":"EntryPoint","urlTemplate":"https:\/\/lisimed.ro\/?s={search_term_string}"},"query-input":"required name=search_term_string"}],"inLanguage":"en-GB"},{"@type":"WebPage","@id":"https:\/\/lisimed.ro\/cabinete-medicale\/#webpage","url":"https:\/\/lisimed.ro\/cabinete-medicale\/","name":"Cabinete medicale - Lisimed","isPartOf":{"@id":"https:\/\/lisimed.ro\/#website"},"datePublished":"2020-08-03T08:02:16+00:00","dateModified":"2020-08-17T14:17:16+00:00","description":"Vizualiza\u021bi lista cabinetelor noastre medicale ale c\u0103ror medici v\u0103 a\u0219teapt\u0103 s\u0103 le c\u0103lca\u021bi pragul.","breadcrumb":{"@id":"https:\/\/lisimed.ro\/cabinete-medicale\/#breadcrumb"},"inLanguage":"en-GB","potentialAction":[{"@type":"ReadAction","target":["https:\/\/lisimed.ro\/cabinete-medicale\/"]}]},{"@type":"BreadcrumbList","@id":"https:\/\/lisimed.ro\/cabinete-medicale\/#breadcrumb","itemListElement":[{"@type":"ListItem","position":1,"name":"Home","item":"https:\/\/lisimed.ro\/"},{"@type":"ListItem","position":2,"name":"Cabinete medicale"}]}]}},"_links":{"self":[{"href":"https:\/\/lisimed.ro\/en\/wp-json\/wp\/v2\/pages\/14405"}],"collection":[{"href":"https:\/\/lisimed.ro\/en\/wp-json\/wp\/v2\/pages"}],"about":[{"href":"https:\/\/lisimed.ro\/en\/wp-json\/wp\/v2\/types\/page"}],"author":[{"embeddable":true,"href":"https:\/\/lisimed.ro\/en\/wp-json\/wp\/v2\/users\/1"}],"replies":[{"embeddable":true,"href":"https:\/\/lisimed.ro\/en\/wp-json\/wp\/v2\/comments?post=14405"}],"version-history":[{"count":5,"href":"https:\/\/lisimed.ro\/en\/wp-json\/wp\/v2\/pages\/14405\/revisions"}],"predecessor-version":[{"id":14411,"href":"https:\/\/lisimed.ro\/en\/wp-json\/wp\/v2\/pages\/14405\/revisions\/14411"}],"wp:attachment":[{"href":"https:\/\/lisimed.ro\/en\/wp-json\/wp\/v2\/media?parent=14405"}],"curies":[{"name":"wp","href":"https:\/\/api.w.org\/{rel}","templated":true}]}}