{"id":14184,"date":"2020-07-15T14:58:30","date_gmt":"2020-07-15T12:58:30","guid":{"rendered":"https:\/\/lisimed.ro\/?page_id=14184"},"modified":"2022-02-23T16:37:56","modified_gmt":"2022-02-23T14:37:56","slug":"aparatura-medicala","status":"publish","type":"page","link":"https:\/\/lisimed.ro\/en\/medical-equipment\/","title":{"rendered":"Medical equipment"},"content":{"rendered":"<div id=\"cmsmasters_row_7f6aa7a6be\" class=\"cmsmasters_row cmsmasters_color_scheme_default cmsmasters_row_top_default cmsmasters_row_bot_default cmsmasters_row_boxed\">\n<div class=\"cmsmasters_row_outer_parent\">\n<div class=\"cmsmasters_row_outer\">\n<div class=\"cmsmasters_row_inner\">\n<div class=\"cmsmasters_row_margin\">\n<div id=\"cmsmasters_column_c9b0406d26\" class=\"cmsmasters_column one_first\">\n<div class=\"cmsmasters_column_inner\"><div id=\"cmsmasters_fb_20c0fa4ae1\" class=\"cmsmasters_featured_block\">\n<div class=\"featured_block_inner\">\n<div class=\"featured_block_text\">\n<h2 class=\"edgtf-st-title\"><span style=\"color: #ffffff;\">Medical equipment<\/span><\/h2>\n<p id=\"cmsms_heading_5757ce4780801\" class=\"cmsms_heading\"><span style=\"color: #ffffff; font-family: Arial, Helvetica, 'Nimbus Sans L', sans-serif; font-size: 13px; line-height: 20px;\">Our clinic has modern and high-quality equipment to provide the best and most accurate medical services.<\/span><\/p>\n\n<\/div>\n<\/div>\n<\/div>\n<\/div><\/div>\n<\/div>\n<\/div>\n<\/div>\n<\/div>\n<\/div>\n<div id=\"cmsmasters_row_tqb8y01dv9\" class=\"cmsmasters_row cmsmasters_color_scheme_default cmsmasters_row_top_default cmsmasters_row_bot_default cmsmasters_row_boxed\">\n<div class=\"cmsmasters_row_outer_parent\">\n<div class=\"cmsmasters_row_outer\">\n<div class=\"cmsmasters_row_inner\">\n<div class=\"cmsmasters_row_margin\">\n<div id=\"cmsmasters_column_ajlpzmkrvj\" class=\"cmsmasters_column one_first\">\n<div class=\"cmsmasters_column_inner\"><div id=\"cmsmasters_heading_m3cl9n3tyk\" class=\"cmsmasters_heading_wrap cmsmasters_heading_align_left\">\n\t<h2 class=\"cmsmasters_heading\">Exploratory<\/h2>\n<\/div>\n<\/div><\/div>\n<\/div>\n<\/div>\n<\/div>\n<\/div>\n<\/div>\n<div id=\"cmsmasters_row_2ac4d53d5d\" class=\"cmsmasters_row cmsmasters_color_scheme_default cmsmasters_row_top_default cmsmasters_row_bot_default cmsmasters_row_boxed\">\n<div class=\"cmsmasters_row_outer_parent\">\n<div class=\"cmsmasters_row_outer\">\n<div class=\"cmsmasters_row_inner\">\n<div class=\"cmsmasters_row_margin\">\n<div id=\"cmsmasters_column_b38132e099\" class=\"cmsmasters_column one_fourth\">\n<div class=\"cmsmasters_column_inner\"><div id=\"cmsmasters_fb_2a9cb09139\" class=\"cmsmasters_featured_block\">\n<div class=\"featured_block_inner\">\n<div class=\"featured_block_text\">\n<h3 class=\"edgtf-iwt-title\" style=\"text-align: center;\">2D and 3D ultrasound<\/h3>\n\n<\/div>\n<\/div>\n<\/div>\n<\/div><\/div>\n<div id=\"cmsmasters_column_931d07e9f4\" class=\"cmsmasters_column one_fourth\">\n<div class=\"cmsmasters_column_inner\"><div id=\"cmsmasters_fb_ff74a0feef\" class=\"cmsmasters_featured_block\">\n<div class=\"featured_block_inner\">\n<div class=\"featured_block_text\">\n<h3 class=\"edgtf-iwt-title\" style=\"text-align: center;\">Doppler<\/h3>\n\n<\/div>\n<\/div>\n<\/div>\n<\/div><\/div>\n<div id=\"cmsmasters_column_ab08ec19b4\" class=\"cmsmasters_column one_fourth\">\n<div class=\"cmsmasters_column_inner\"><div id=\"cmsmasters_fb_b24ee0a6dd\" class=\"cmsmasters_featured_block\">\n<div class=\"featured_block_inner\">\n<div class=\"featured_block_text\">\n<h3 class=\"edgtf-iwt-title\" style=\"text-align: center;\">sonoelastography<\/h3>\n\n<\/div>\n<\/div>\n<\/div>\n<\/div><\/div>\n<div id=\"cmsmasters_column_rg251xvyhs\" class=\"cmsmasters_column one_fourth\">\n<div class=\"cmsmasters_column_inner\"><div id=\"cmsmasters_fb_p3los3uda8\" class=\"cmsmasters_featured_block\">\n<div class=\"featured_block_inner\">\n<div class=\"featured_block_text\">\n<h3 class=\"edgtf-iwt-title\" style=\"text-align: center;\">Videocolposcope<\/h3>\n\n<\/div>\n<\/div>\n<\/div>\n<\/div><\/div>\n<\/div>\n<\/div>\n<\/div>\n<\/div>\n<\/div>\n<div id=\"cmsmasters_row_y7hrs83ref\" class=\"cmsmasters_row cmsmasters_color_scheme_default cmsmasters_row_top_default cmsmasters_row_bot_default cmsmasters_row_boxed\">\n<div class=\"cmsmasters_row_outer_parent\">\n<div class=\"cmsmasters_row_outer\">\n<div class=\"cmsmasters_row_inner\">\n<div class=\"cmsmasters_row_margin\">\n<div id=\"cmsmasters_column_id92wl1gus\" class=\"cmsmasters_column one_fourth\">\n<div class=\"cmsmasters_column_inner\"><div id=\"cmsmasters_fb_92swz6lmh\" class=\"cmsmasters_featured_block\">\n<div class=\"featured_block_inner\">\n<div class=\"featured_block_text\">\n<h3 class=\"edgtf-iwt-title\" style=\"text-align: center;\">Computerized ECG<\/h3>\n\n<\/div>\n<\/div>\n<\/div>\n<\/div><\/div>\n<div id=\"cmsmasters_column_zgny7vepzg\" class=\"cmsmasters_column one_fourth\">\n<div class=\"cmsmasters_column_inner\"><div id=\"cmsmasters_fb_oj7idousxi\" class=\"cmsmasters_featured_block\">\n<div class=\"featured_block_inner\">\n<div class=\"featured_block_text\">\n<h3 class=\"edgtf-iwt-title\" style=\"text-align: center;\">Holter EKG<\/h3>\n\n<\/div>\n<\/div>\n<\/div>\n<\/div><\/div>\n<div id=\"cmsmasters_column_vmkt5pm2bp\" class=\"cmsmasters_column one_fourth\">\n<div class=\"cmsmasters_column_inner\"><div id=\"cmsmasters_fb_brolc1tdo\" class=\"cmsmasters_featured_block\">\n<div class=\"featured_block_inner\">\n<div class=\"featured_block_text\">\n<h3 class=\"edgtf-iwt-title\" style=\"text-align: center;\">Holter TA<\/h3>\n\n<\/div>\n<\/div>\n<\/div>\n<\/div><\/div>\n<div id=\"cmsmasters_column_nm702rtmq7\" class=\"cmsmasters_column one_fourth\">\n<div class=\"cmsmasters_column_inner\"><div id=\"cmsmasters_fb_11bzfbm3l\" class=\"cmsmasters_featured_block\">\n<div class=\"featured_block_inner\">\n<div class=\"featured_block_text\">\n<h3 class=\"edgtf-iwt-title\" style=\"text-align: center;\">GET<\/h3>\n\n<\/div>\n<\/div>\n<\/div>\n<\/div><\/div>\n<\/div>\n<\/div>\n<\/div>\n<\/div>\n<\/div>\n<div id=\"cmsmasters_row_2d9i6l9txt\" class=\"cmsmasters_row cmsmasters_color_scheme_default cmsmasters_row_top_default cmsmasters_row_bot_default cmsmasters_row_boxed\">\n<div class=\"cmsmasters_row_outer_parent\">\n<div class=\"cmsmasters_row_outer\">\n<div class=\"cmsmasters_row_inner\">\n<div class=\"cmsmasters_row_margin\">\n<div id=\"cmsmasters_column_0hlgcm90va\" class=\"cmsmasters_column one_fourth\">\n<div class=\"cmsmasters_column_inner\"><div id=\"cmsmasters_fb_m5ysjsglnn\" class=\"cmsmasters_featured_block\">\n<div class=\"featured_block_inner\">\n<div class=\"featured_block_text\">\n<h3 class=\"edgtf-iwt-title\" style=\"text-align: center;\">Classic radiology machine<\/h3>\n\n<\/div>\n<\/div>\n<\/div>\n<\/div><\/div>\n<div id=\"cmsmasters_column_k2rtlzfwud\" class=\"cmsmasters_column one_fourth\">\n<div class=\"cmsmasters_column_inner\"><div id=\"cmsmasters_fb_btofe2l7b\" class=\"cmsmasters_featured_block\">\n<div class=\"featured_block_inner\">\n<div class=\"featured_block_text\">\n<h3 class=\"edgtf-iwt-title\" style=\"text-align: center;\">Mammography<\/h3>\n\n<\/div>\n<\/div>\n<\/div>\n<\/div><\/div>\n<div id=\"cmsmasters_column_vww2expcwu\" class=\"cmsmasters_column one_fourth\">\n<div class=\"cmsmasters_column_inner\"><div id=\"cmsmasters_fb_kr0gsfegld\" class=\"cmsmasters_featured_block\">\n<div class=\"featured_block_inner\">\n<div class=\"featured_block_text\">\n<h3 class=\"edgtf-iwt-title\" style=\"text-align: center;\">dermoscopy<\/h3>\n\n<\/div>\n<\/div>\n<\/div>\n<\/div><\/div>\n<div id=\"cmsmasters_column_8hlrem6cpg\" class=\"cmsmasters_column one_fourth\">\n<div class=\"cmsmasters_column_inner\"><div id=\"cmsmasters_fb_0xaxjsfm8i\" class=\"cmsmasters_featured_block\">\n<div class=\"featured_block_inner\">\n<div class=\"featured_block_text\">\n<h3 class=\"edgtf-iwt-title\" style=\"text-align: center;\">Pachon oscillometer<\/h3>\n\n<\/div>\n<\/div>\n<\/div>\n<\/div><\/div>\n<\/div>\n<\/div>\n<\/div>\n<\/div>\n<\/div>\n<div id=\"cmsmasters_row_kim8905rrq\" class=\"cmsmasters_row cmsmasters_color_scheme_default cmsmasters_row_top_default cmsmasters_row_bot_default cmsmasters_row_boxed\">\n<div class=\"cmsmasters_row_outer_parent\">\n<div class=\"cmsmasters_row_outer\">\n<div class=\"cmsmasters_row_inner\">\n<div class=\"cmsmasters_row_margin\">\n<div id=\"cmsmasters_column_kphu5szs3\" class=\"cmsmasters_column one_fourth\">\n<div class=\"cmsmasters_column_inner\"><div id=\"cmsmasters_fb_i2g3jk2vd4\" class=\"cmsmasters_featured_block\">\n<div class=\"featured_block_inner\">\n<div class=\"featured_block_text\">\n<h3 class=\"edgtf-iwt-title\" style=\"text-align: center;\">Pulse oximeter<\/h3>\n\n<\/div>\n<\/div>\n<\/div>\n<\/div><\/div>\n<div id=\"cmsmasters_column_5tpsz34v2\" class=\"cmsmasters_column one_fourth\">\n<div class=\"cmsmasters_column_inner\"><div id=\"cmsmasters_fb_0vhjzs25f6\" class=\"cmsmasters_featured_block\">\n<div class=\"featured_block_inner\">\n<div class=\"featured_block_text\">\n<h3 class=\"edgtf-iwt-title\" style=\"text-align: center;\">Colposcope<\/h3>\n\n<\/div>\n<\/div>\n<\/div>\n<\/div><\/div>\n<div id=\"cmsmasters_column_sy9bjpgh1j\" class=\"cmsmasters_column one_fourth\">\n<div class=\"cmsmasters_column_inner\"><div id=\"cmsmasters_fb_dme81ob2qd\" class=\"cmsmasters_featured_block\">\n<div class=\"featured_block_inner\">\n<div class=\"featured_block_text\">\n<h3 class=\"edgtf-iwt-title\" style=\"text-align: center;\">Gypsotome<\/h3>\n\n<\/div>\n<\/div>\n<\/div>\n<\/div><\/div>\n<div id=\"cmsmasters_column_ieww1q6vmq\" class=\"cmsmasters_column one_fourth\">\n<div class=\"cmsmasters_column_inner\"><div id=\"cmsmasters_fb_ypf6vyb8f\" class=\"cmsmasters_featured_block\">\n<div class=\"featured_block_inner\">\n<div class=\"featured_block_text\">\n<h3 class=\"edgtf-iwt-title\" style=\"text-align: center;\">DanFlow Uroflowmeter<\/h3>\n\n<\/div>\n<\/div>\n<\/div>\n<\/div><\/div>\n<\/div>\n<\/div>\n<\/div>\n<\/div>\n<\/div>\n<div id=\"cmsmasters_row_w978th01h\" class=\"cmsmasters_row cmsmasters_color_scheme_default cmsmasters_row_top_default cmsmasters_row_bot_default cmsmasters_row_boxed\">\n<div class=\"cmsmasters_row_outer_parent\">\n<div class=\"cmsmasters_row_outer\">\n<div class=\"cmsmasters_row_inner\">\n<div class=\"cmsmasters_row_margin\">\n<div id=\"cmsmasters_column_45p5rbu2zy\" class=\"cmsmasters_column one_fourth\">\n<div class=\"cmsmasters_column_inner\"><div id=\"cmsmasters_fb_ioqjt6sxe\" class=\"cmsmasters_featured_block\">\n<div class=\"featured_block_inner\">\n<div class=\"featured_block_text\">\n<h3 class=\"edgtf-iwt-title\" style=\"text-align: center;\">Audiometer with screening<\/h3>\n\n<\/div>\n<\/div>\n<\/div>\n<\/div><\/div>\n<div id=\"cmsmasters_column_3lg5a6o719\" class=\"cmsmasters_column one_fourth\">\n<div class=\"cmsmasters_column_inner\"><div id=\"cmsmasters_fb_lzfsiy758\" class=\"cmsmasters_featured_block\">\n<div class=\"featured_block_inner\">\n<div class=\"featured_block_text\">\n<h3 class=\"edgtf-iwt-title\" style=\"text-align: center;\">Audiometry cabin<\/h3>\n\n<\/div>\n<\/div>\n<\/div>\n<\/div><\/div>\n<div id=\"cmsmasters_column_clo8py78vd\" class=\"cmsmasters_column one_fourth\">\n<div class=\"cmsmasters_column_inner\"><div id=\"cmsmasters_fb_sylhdvei2\" class=\"cmsmasters_featured_block\">\n<div class=\"featured_block_inner\">\n<div class=\"featured_block_text\">\n<h3 class=\"edgtf-iwt-title\" style=\"text-align: center;\">Tympanometer with screening<\/h3>\n\n<\/div>\n<\/div>\n<\/div>\n<\/div><\/div>\n<div id=\"cmsmasters_column_evobpitofa\" class=\"cmsmasters_column one_fourth\">\n<div class=\"cmsmasters_column_inner\"><div id=\"cmsmasters_fb_4g3le5ot1\" class=\"cmsmasters_featured_block\">\n<div class=\"featured_block_inner\">\n<div class=\"featured_block_text\">\n<h3 class=\"edgtf-iwt-title\" style=\"text-align: center;\">ENT unit CU-3000<\/h3>\n\n<\/div>\n<\/div>\n<\/div>\n<\/div><\/div>\n<\/div>\n<\/div>\n<\/div>\n<\/div>\n<\/div>\n<div id=\"cmsmasters_row_fflj7y89rv\" class=\"cmsmasters_row cmsmasters_color_scheme_default cmsmasters_row_top_default cmsmasters_row_bot_default cmsmasters_row_boxed\">\n<div class=\"cmsmasters_row_outer_parent\">\n<div class=\"cmsmasters_row_outer\">\n<div class=\"cmsmasters_row_inner\">\n<div class=\"cmsmasters_row_margin\">\n<div id=\"cmsmasters_column_3ef7wy1j8\" class=\"cmsmasters_column one_fourth\">\n<div class=\"cmsmasters_column_inner\"><div id=\"cmsmasters_fb_mhdcl2ka\" class=\"cmsmasters_featured_block\">\n<div class=\"featured_block_inner\">\n<div class=\"featured_block_text\">\n<h3 class=\"edgtf-iwt-title\">Ophthalmology<\/h3>\n<ul>\n<li>Non-contact tonometer<\/li>\n<li>Computerized perimeter<\/li>\n<li>Autorefractometer<\/li>\n<li>Halogen ophthalmoscope<\/li>\n<li>Biomicroscope SL 203<\/li>\n<li>Standard video test<\/li>\n<li>Lens kits<\/li>\n<li>Optotype with illumination<\/li>\n<\/ul>\n\n<\/div>\n<\/div>\n<\/div>\n<\/div><\/div>\n<div id=\"cmsmasters_column_wdynk3i4al\" class=\"cmsmasters_column one_fourth\">\n<div class=\"cmsmasters_column_inner\"><div id=\"cmsmasters_fb_fhh1zij0qv\" class=\"cmsmasters_featured_block\">\n<div class=\"featured_block_inner\">\n<div class=\"featured_block_text\">\n<h3 class=\"edgtf-iwt-title\" style=\"text-align: center;\">Fuji endoscope<\/h3>\n\n<\/div>\n<\/div>\n<\/div>\n<div class=\"cmsmasters_text\">\n<p><\/p>\n<\/div>\n<div class=\"cmsmasters_text\">\n<p><\/p>\n<\/div>\n<\/div><\/div>\n<div id=\"cmsmasters_column_8irea3fffv\" class=\"cmsmasters_column one_fourth\">\n<div class=\"cmsmasters_column_inner\"><div id=\"cmsmasters_fb_53826gxv0k\" class=\"cmsmasters_featured_block\">\n<div class=\"featured_block_inner\">\n<div class=\"featured_block_text\">\n<h3 class=\"edgtf-iwt-title\" style=\"text-align: center;\">Flexible cystoscope<\/h3>\n\n<\/div>\n<\/div>\n<\/div>\n<\/div><\/div>\n<div id=\"cmsmasters_column_o93y64n6xa\" class=\"cmsmasters_column one_fourth\">\n<div class=\"cmsmasters_column_inner\"><\/div><\/div>\n<\/div>\n<\/div>\n<\/div>\n<\/div>\n<\/div>\n<div id=\"cmsmasters_row_dtjuv8f7yp\" class=\"cmsmasters_row cmsmasters_color_scheme_default cmsmasters_row_top_default cmsmasters_row_bot_default cmsmasters_row_boxed\">\n<div class=\"cmsmasters_row_outer_parent\">\n<div class=\"cmsmasters_row_outer\">\n<div class=\"cmsmasters_row_inner\">\n<div class=\"cmsmasters_row_margin\">\n<div id=\"cmsmasters_column_dpu5eomkxd\" class=\"cmsmasters_column one_first\">\n<div class=\"cmsmasters_column_inner\"><div id=\"cmsmasters_heading_rlrl7w7a1\" class=\"cmsmasters_heading_wrap cmsmasters_heading_align_left\">\n\t<h2 class=\"cmsmasters_heading\">therapeutics<\/h2>\n<\/div>\n<\/div><\/div>\n<\/div>\n<\/div>\n<\/div>\n<\/div>\n<\/div>\n<div id=\"cmsmasters_row_2bkttcb69l\" class=\"cmsmasters_row cmsmasters_color_scheme_default cmsmasters_row_top_default cmsmasters_row_bot_default cmsmasters_row_boxed\">\n<div class=\"cmsmasters_row_outer_parent\">\n<div class=\"cmsmasters_row_outer\">\n<div class=\"cmsmasters_row_inner\">\n<div class=\"cmsmasters_row_margin\">\n<div id=\"cmsmasters_column_gya0byc6f\" class=\"cmsmasters_column one_fourth\">\n<div class=\"cmsmasters_column_inner\"><div id=\"cmsmasters_fb_cbp6mxn1hd\" class=\"cmsmasters_featured_block\">\n<div class=\"featured_block_inner\">\n<div class=\"featured_block_text\">\n<h3 class=\"edgtf-iwt-title\">Physical medicine recovery and balneology<\/h3>\n<ul>\n<li>Electrotherapy device<\/li>\n<li>Laser device<\/li>\n<li>Ultrasound device<\/li>\n<li>Magnetodiaflux device<\/li>\n<li>Paraffin applications<\/li>\n<li>Physiotherapy room<\/li>\n<\/ul>\n\n<\/div>\n<\/div>\n<\/div>\n<\/div><\/div>\n<div id=\"cmsmasters_column_iierjtcz0g\" class=\"cmsmasters_column one_fourth\">\n<div class=\"cmsmasters_column_inner\"><div id=\"cmsmasters_fb_4o5qp8gl1k\" class=\"cmsmasters_featured_block\">\n<div class=\"featured_block_inner\">\n<div class=\"featured_block_text\">\n<h3 class=\"edgtf-iwt-title\" style=\"text-align: center;\">LHE device<\/h3>\n\n<\/div>\n<\/div>\n<\/div>\n<\/div><\/div>\n<div id=\"cmsmasters_column_zjebxk5xvs\" class=\"cmsmasters_column one_fourth\">\n<div class=\"cmsmasters_column_inner\"><div id=\"cmsmasters_fb_wvpogv1bce\" class=\"cmsmasters_featured_block\">\n<div class=\"featured_block_inner\">\n<div class=\"featured_block_text\">\n<h3 class=\"edgtf-iwt-title\" style=\"text-align: center;\">Electrocautery<\/h3>\n\n<\/div>\n<\/div>\n<\/div>\n<\/div><\/div>\n<div id=\"cmsmasters_column_le98jli5b\" class=\"cmsmasters_column one_fourth\">\n<div class=\"cmsmasters_column_inner\"><div id=\"cmsmasters_fb_nunepql4ni\" class=\"cmsmasters_featured_block\">\n<div class=\"featured_block_inner\">\n<div class=\"featured_block_text\">\n<h3 class=\"edgtf-iwt-title\" style=\"text-align: center;\">Therapeutic laser<\/h3>\n\n<\/div>\n<\/div>\n<\/div>\n<\/div><\/div>\n<\/div>\n<\/div>\n<\/div>\n<\/div>\n<\/div>\n<div id=\"cmsmasters_row_73mjqvv2vq\" class=\"cmsmasters_row cmsmasters_color_scheme_default cmsmasters_row_top_default cmsmasters_row_bot_default cmsmasters_row_boxed\">\n<div class=\"cmsmasters_row_outer_parent\">\n<div class=\"cmsmasters_row_outer\">\n<div class=\"cmsmasters_row_inner\">\n<div class=\"cmsmasters_row_margin\">\n<div id=\"cmsmasters_column_tauxrvglt\" class=\"cmsmasters_column one_fourth\">\n<div class=\"cmsmasters_column_inner\"><div id=\"cmsmasters_fb_orsc9rwcj6\" class=\"cmsmasters_featured_block\">\n<div class=\"featured_block_inner\">\n<div class=\"featured_block_text\">\n<h3 class=\"edgtf-iwt-title\"><a href=\"https:\/\/lisimed.ro\/en\/medical-rehabilitation-center\/\">The complete Medical Recovery base<\/a><\/h3>\n\n<\/div>\n<\/div>\n<\/div>\n<\/div><\/div>\n<div id=\"cmsmasters_column_szgsula5dp\" class=\"cmsmasters_column one_fourth\">\n<div class=\"cmsmasters_column_inner\"><\/div><\/div>\n<div id=\"cmsmasters_column_zj8zbexiko\" class=\"cmsmasters_column one_fourth\">\n<div class=\"cmsmasters_column_inner\"><\/div><\/div>\n<div id=\"cmsmasters_column_tz3cdd6g7k\" class=\"cmsmasters_column one_fourth\">\n<div class=\"cmsmasters_column_inner\"><\/div><\/div>\n<\/div>\n<\/div>\n<\/div>\n<\/div>\n<\/div>","protected":false},"excerpt":{"rendered":"","protected":false},"author":1,"featured_media":0,"parent":0,"menu_order":31,"comment_status":"closed","ping_status":"open","template":"","meta":[],"yoast_head":"<!-- This site is optimized with the Yoast SEO plugin v18.2 - https:\/\/yoast.com\/wordpress\/plugins\/seo\/ -->\n<title>Aparatur\u0103 medical\u0103 - Lisimed<\/title>\n<meta name=\"description\" content=\"\u00cen cadrul clinicii noastre o s\u0103 pute\u021bi beneficia de cele mai moderne aparate medicale. Pentru program\u0103ri ne pute\u021bi contacta la 0732 161 762 \/ 0249 402 000.\" \/>\n<meta name=\"robots\" content=\"index, follow, max-snippet:-1, max-image-preview:large, max-video-preview:-1\" \/>\n<link rel=\"canonical\" href=\"https:\/\/lisimed.ro\/en\/medical-equipment\/\" \/>\n<meta property=\"og:locale\" content=\"en_GB\" \/>\n<meta property=\"og:type\" content=\"article\" \/>\n<meta property=\"og:title\" content=\"Aparatur\u0103 medical\u0103 - Lisimed\" \/>\n<meta property=\"og:description\" content=\"\u00cen cadrul clinicii noastre o s\u0103 pute\u021bi beneficia de cele mai moderne aparate medicale. Pentru program\u0103ri ne pute\u021bi contacta la 0732 161 762 \/ 0249 402 000.\" \/>\n<meta property=\"og:url\" content=\"https:\/\/lisimed.ro\/en\/medical-equipment\/\" \/>\n<meta property=\"og:site_name\" content=\"Lisimed\" \/>\n<meta property=\"article:modified_time\" content=\"2022-02-23T14:37:56+00:00\" \/>\n<meta name=\"twitter:card\" content=\"summary_large_image\" \/>\n<meta name=\"twitter:label1\" content=\"Est. reading time\" \/>\n\t<meta name=\"twitter:data1\" content=\"5 minutes\" \/>\n<script type=\"application\/ld+json\" class=\"yoast-schema-graph\">{\"@context\":\"https:\/\/schema.org\",\"@graph\":[{\"@type\":\"WebSite\",\"@id\":\"https:\/\/lisimed.ro\/#website\",\"url\":\"https:\/\/lisimed.ro\/\",\"name\":\"Lisimed\",\"description\":\"Policlinica familiei tale\",\"potentialAction\":[{\"@type\":\"SearchAction\",\"target\":{\"@type\":\"EntryPoint\",\"urlTemplate\":\"https:\/\/lisimed.ro\/?s={search_term_string}\"},\"query-input\":\"required name=search_term_string\"}],\"inLanguage\":\"en-GB\"},{\"@type\":\"WebPage\",\"@id\":\"https:\/\/lisimed.ro\/aparatura-medicala\/#webpage\",\"url\":\"https:\/\/lisimed.ro\/aparatura-medicala\/\",\"name\":\"Aparatur\u0103 medical\u0103 - Lisimed\",\"isPartOf\":{\"@id\":\"https:\/\/lisimed.ro\/#website\"},\"datePublished\":\"2020-07-15T12:58:30+00:00\",\"dateModified\":\"2022-02-23T14:37:56+00:00\",\"description\":\"\u00cen cadrul clinicii noastre o s\u0103 pute\u021bi beneficia de cele mai moderne aparate medicale. Pentru program\u0103ri ne pute\u021bi contacta la 0732 161 762 \/ 0249 402 000.\",\"breadcrumb\":{\"@id\":\"https:\/\/lisimed.ro\/aparatura-medicala\/#breadcrumb\"},\"inLanguage\":\"en-GB\",\"potentialAction\":[{\"@type\":\"ReadAction\",\"target\":[\"https:\/\/lisimed.ro\/aparatura-medicala\/\"]}]},{\"@type\":\"BreadcrumbList\",\"@id\":\"https:\/\/lisimed.ro\/aparatura-medicala\/#breadcrumb\",\"itemListElement\":[{\"@type\":\"ListItem\",\"position\":1,\"name\":\"Home\",\"item\":\"https:\/\/lisimed.ro\/\"},{\"@type\":\"ListItem\",\"position\":2,\"name\":\"Aparatur\u0103 medical\u0103\"}]}]}<\/script>\n<!-- \/ Yoast SEO plugin. -->","yoast_head_json":{"title":"Aparatur\u0103 medical\u0103 - Lisimed","description":"\u00cen cadrul clinicii noastre o s\u0103 pute\u021bi beneficia de cele mai moderne aparate medicale. Pentru program\u0103ri ne pute\u021bi contacta la 0732 161 762 \/ 0249 402 000.","robots":{"index":"index","follow":"follow","max-snippet":"max-snippet:-1","max-image-preview":"max-image-preview:large","max-video-preview":"max-video-preview:-1"},"canonical":"https:\/\/lisimed.ro\/en\/medical-equipment\/","og_locale":"en_GB","og_type":"article","og_title":"Aparatur\u0103 medical\u0103 - Lisimed","og_description":"\u00cen cadrul clinicii noastre o s\u0103 pute\u021bi beneficia de cele mai moderne aparate medicale. Pentru program\u0103ri ne pute\u021bi contacta la 0732 161 762 \/ 0249 402 000.","og_url":"https:\/\/lisimed.ro\/en\/medical-equipment\/","og_site_name":"Lisimed","article_modified_time":"2022-02-23T14:37:56+00:00","twitter_card":"summary_large_image","twitter_misc":{"Est. reading time":"5 minutes"},"schema":{"@context":"https:\/\/schema.org","@graph":[{"@type":"WebSite","@id":"https:\/\/lisimed.ro\/#website","url":"https:\/\/lisimed.ro\/","name":"Lisimed","description":"Policlinica familiei tale","potentialAction":[{"@type":"SearchAction","target":{"@type":"EntryPoint","urlTemplate":"https:\/\/lisimed.ro\/?s={search_term_string}"},"query-input":"required name=search_term_string"}],"inLanguage":"en-GB"},{"@type":"WebPage","@id":"https:\/\/lisimed.ro\/aparatura-medicala\/#webpage","url":"https:\/\/lisimed.ro\/aparatura-medicala\/","name":"Aparatur\u0103 medical\u0103 - Lisimed","isPartOf":{"@id":"https:\/\/lisimed.ro\/#website"},"datePublished":"2020-07-15T12:58:30+00:00","dateModified":"2022-02-23T14:37:56+00:00","description":"\u00cen cadrul clinicii noastre o s\u0103 pute\u021bi beneficia de cele mai moderne aparate medicale. Pentru program\u0103ri ne pute\u021bi contacta la 0732 161 762 \/ 0249 402 000.","breadcrumb":{"@id":"https:\/\/lisimed.ro\/aparatura-medicala\/#breadcrumb"},"inLanguage":"en-GB","potentialAction":[{"@type":"ReadAction","target":["https:\/\/lisimed.ro\/aparatura-medicala\/"]}]},{"@type":"BreadcrumbList","@id":"https:\/\/lisimed.ro\/aparatura-medicala\/#breadcrumb","itemListElement":[{"@type":"ListItem","position":1,"name":"Home","item":"https:\/\/lisimed.ro\/"},{"@type":"ListItem","position":2,"name":"Aparatur\u0103 medical\u0103"}]}]}},"_links":{"self":[{"href":"https:\/\/lisimed.ro\/en\/wp-json\/wp\/v2\/pages\/14184"}],"collection":[{"href":"https:\/\/lisimed.ro\/en\/wp-json\/wp\/v2\/pages"}],"about":[{"href":"https:\/\/lisimed.ro\/en\/wp-json\/wp\/v2\/types\/page"}],"author":[{"embeddable":true,"href":"https:\/\/lisimed.ro\/en\/wp-json\/wp\/v2\/users\/1"}],"replies":[{"embeddable":true,"href":"https:\/\/lisimed.ro\/en\/wp-json\/wp\/v2\/comments?post=14184"}],"version-history":[{"count":22,"href":"https:\/\/lisimed.ro\/en\/wp-json\/wp\/v2\/pages\/14184\/revisions"}],"predecessor-version":[{"id":15267,"href":"https:\/\/lisimed.ro\/en\/wp-json\/wp\/v2\/pages\/14184\/revisions\/15267"}],"wp:attachment":[{"href":"https:\/\/lisimed.ro\/en\/wp-json\/wp\/v2\/media?parent=14184"}],"curies":[{"name":"wp","href":"https:\/\/api.w.org\/{rel}","templated":true}]}}